{"id":831,"date":"2023-03-30T09:23:39","date_gmt":"2023-03-30T09:23:39","guid":{"rendered":"https:\/\/travestisbarcelona.com\/avis-juridique\/"},"modified":"2023-10-27T14:52:24","modified_gmt":"2023-10-27T14:52:24","slug":"avis-juridique","status":"publish","type":"page","link":"https:\/\/travestisbarcelona.com\/fr\/avis-juridique\/","title":{"rendered":"Avis juridique"},"content":{"rendered":"<h1>Avis juridique<\/h1>\n<p>1. PROPRI\u00c9TAIRE DU SITE WEB ET DONN\u00c9ES DE CONTACT<br \/>\nwww.travestisbarcelona.com est un domaine Internet appartenant \u00e0 xxxxx. (ci-apr\u00e8s, La Soci\u00e9t\u00e9) avec CIF\/NIF xxxxx et adresse \u00e0 C\/ xxxxxxx CP BARCELONA.<\/p>\n<p>Le but du site Internet est de faire conna\u00eetre les services fournis par l&rsquo;entreprise et de constituer un outil de contact pour les collaborateurs et leurs clients.<\/p>\n<p>Vous pouvez nous contacter :<\/p>\n<p>\u2013 Par email, en \u00e9crivant \u00e0 info@travestisbarcelona.com<\/p>\n<p>\u2013 Par \u00e9crit, adress\u00e9 au C\/ xxxxx CP BARCELONA.<\/p>\n<p>Pour toute pr\u00e9cision n\u2019h\u00e9sitez pas \u00e0 nous contacter.<\/p>\n<p>2. CONDITIONS D&rsquo;UTILISATION DU SITE WEB<br \/>\nLes pr\u00e9sentes conditions d&rsquo;utilisation r\u00e9gissent l&rsquo;acc\u00e8s \u00e0 ce site Internet par les clients de la Soci\u00e9t\u00e9 et les autres internautes. Par le simple usage de ce site Internet, l&rsquo;utilisateur exprime son acceptation sans r\u00e9serve des pr\u00e9sentes conditions d&rsquo;utilisation.<\/p>\n<p>La Soci\u00e9t\u00e9 se r\u00e9serve le droit unilat\u00e9ral de modifier les pr\u00e9sentes conditions d&rsquo;acc\u00e8s au site Internet, ainsi que le contenu qui y est inclus.<\/p>\n<p>3. LIMITATION ET EXCLUSION DE RESPONSABILIT\u00c9<br \/>\nLe contenu de ce site Internet est de nature g\u00e9n\u00e9rale et a des finalit\u00e9s et des effets exclusivement informatifs. La Soci\u00e9t\u00e9 d\u00e9cline toute responsabilit\u00e9 pour toute information non pr\u00e9par\u00e9e par elle ou publi\u00e9e en son nom d&rsquo;une mani\u00e8re non autoris\u00e9e par elle, ainsi que toute responsabilit\u00e9 d\u00e9riv\u00e9e d&rsquo;une mauvaise utilisation par des tiers du contenu.<\/p>\n<p>L&rsquo;utilisateur exon\u00e8re la Soci\u00e9t\u00e9 de toute responsabilit\u00e9 pouvant d\u00e9couler d&rsquo;interruptions de la disponibilit\u00e9 du site Internet, que ce soit en raison d&rsquo;un dysfonctionnement du serveur Web ou des applications, des infrastructures de communication ou des logiciels et mat\u00e9riels utilis\u00e9s pour la navigation.<\/p>\n<p>En cas d&rsquo;inclusion de liens vers d&rsquo;autres pages Web, elle d\u00e9cline toute responsabilit\u00e9 d\u00e9riv\u00e9e de l&rsquo;acc\u00e8s et de l&rsquo;utilisation de ces liens.<\/p>\n<p>4. PROPRI\u00c9T\u00c9 INTELLECTUELLE ET INDUSTRIELLE<br \/>\nL&rsquo;int\u00e9gralit\u00e9 de ce site est prot\u00e9g\u00e9 par les lois sur la propri\u00e9t\u00e9 intellectuelle et industrielle. Sauf indication contraire, les droits de propri\u00e9t\u00e9 intellectuelle sur ces contenus appartiennent exclusivement \u00e0 la Soci\u00e9t\u00e9. L&rsquo;utilisateur reconna\u00eet que l&rsquo;utilisation du contenu est strictement limit\u00e9e \u00e0 ses fins personnelles et que la reproduction, la distribution, la communication ou la transformation de ces \u0153uvres non express\u00e9ment autoris\u00e9es constitue une contrefa\u00e7on des droits de propri\u00e9t\u00e9 intellectuelle.<\/p>\n<p>De m\u00eame, l&rsquo;utilisateur s&rsquo;abstiendra d&rsquo;utiliser le contenu et, en particulier, les informations de toute nature obtenues via le site Web pour envoyer de la publicit\u00e9, des communications \u00e0 des fins de vente directe ou avec tout autre type de finalit\u00e9 commerciale, des messages non sollicit\u00e9s adress\u00e9s \u00e0 une pluralit\u00e9 de personnes. quel que soit leur objectif. De m\u00eame, il s\u2019interdit de commercialiser ou de divulguer ces informations de quelque mani\u00e8re que ce soit.<\/p>\n<p>www.travestisbarcelona.com est un domaine de la Soci\u00e9t\u00e9. Il ne peut pas \u00eatre utilis\u00e9, sauf autorisation expresse et pr\u00e9alable, en relation avec d&rsquo;autres produits ou services qui ne proviennent pas de la Soci\u00e9t\u00e9 ou de quelque mani\u00e8re que ce soit susceptible de semer la confusion parmi nos clients ou de discr\u00e9diter la Soci\u00e9t\u00e9.<\/p>\n<p>5. POLITIQUE DE LIENS VERS CE SITE WEB<br \/>\nSi un utilisateur, une entit\u00e9 ou une page Web souhaite \u00e9tablir tout type de lien vers ce site Web, il doit demander l&rsquo;autorisation avant de cr\u00e9er le lien et par \u00e9crit.<\/p>\n<p>De plus, vous \u00eates uniquement autoris\u00e9 \u00e0 cr\u00e9er un lien vers la page d\u2019accueil du site Web. Le lien doit \u00eatre absolu et complet, c&rsquo;est-\u00e0-dire qu&rsquo;il doit conduire l&rsquo;utilisateur \u00e0 l&rsquo;adresse elle-m\u00eame, couvrant enti\u00e8rement l&rsquo;extension d&rsquo;\u00e9cran de la page contenant le lien. En aucun cas, sauf autorisation expresse \u00e9crite de la Soci\u00e9t\u00e9, la page qui \u00e9tablit le lien ne peut reproduire le site Web de la Soci\u00e9t\u00e9 de quelque mani\u00e8re que ce soit, l&rsquo;inclure dans le cadre de son site Web ou dans l&rsquo;un de ses cadres dans l&rsquo;une des pages ou des contenus. de ce site Web.<\/p>\n<p>Aucune d\u00e9claration fausse, inexacte ou incorrecte ne sera incluse concernant les pages de ce site Web ou les services qui y sont propos\u00e9s.<\/p>\n<p>Le lien ne contiendra aucune marque, nom commercial, enseigne d&rsquo;\u00e9tablissement, nom, logo, slogan ou autres signes distinctifs appartenant \u00e0<\/p>\n<p>En aucun cas, elle ne sera responsable du contenu ou des services mis \u00e0 la disposition du public sur le site Internet \u00e0 partir duquel le lien hypertexte est \u00e9tabli ni des informations ou d\u00e9clarations qui y sont incluses.<\/p>\n<p>6. PROTECTION DES DONN\u00c9ES PERSONNELLES<br \/>\nL&rsquo;utilisation de ce site Internet et de ses formulaires n\u00e9cessite l&rsquo;acceptation du traitement des donn\u00e9es des utilisateurs conform\u00e9ment \u00e0 notre politique de confidentialit\u00e9, y compris la collecte des donn\u00e9es d&rsquo;acc\u00e8s et l&rsquo;envoi d&rsquo;informations commerciales par voie \u00e9lectronique.<\/p>\n<p>Veuillez lire attentivement notre politique de confidentialit\u00e9 pour savoir comment nous utilisons les donn\u00e9es des utilisateurs et comment exercer vos droits d&rsquo;acc\u00e8s, de rectification, d&rsquo;annulation, d&rsquo;opposition et autres droits.<\/p>\n<p>7. COOKIES<br \/>\nCe site utilise des cookies professionnels et des tiers \u00e0 diverses fins, y compris des analyses et des publicit\u00e9s adapt\u00e9es aux int\u00e9r\u00eats de l&rsquo;utilisateur. La simple utilisation de ce site Web avec des cookies activ\u00e9s dans le navigateur implique l&rsquo;acceptation de son traitement conform\u00e9ment \u00e0 notre politique en mati\u00e8re de cookies.<\/p>\n<p>Veuillez lire attentivement notre politique en mati\u00e8re de cookies pour en savoir plus sur les types de cookies utilis\u00e9s et sur la mani\u00e8re de les bloquer et de les supprimer dans votre navigateur.<\/p>\n<p>8. PR\u00c9VALENCE DE LA VERSION ESPAGNOLE<br \/>\nSi ces mentions l\u00e9gales sont traduites dans d&rsquo;autres langues, en cas de divergence, la version espagnole pr\u00e9vaudra.<\/p>\n<p>9. LOI APPLICABLE ET JURIDICTION<br \/>\nLe pr\u00e9sent avis l\u00e9gal, ainsi que les relations entre utilisateurs et utilisateurs, seront r\u00e9gis par la l\u00e9gislation espagnole en vigueur et toute controverse sera soumise aux Cours et Tribunaux de BARCELONE, sauf dans le cas des consommateurs et utilisateurs, o\u00f9 la juridiction obligatoire s&rsquo;appliquera. .des tribunaux qui correspondent \u00e0 votre domicile.<\/p>\n","protected":false},"excerpt":{"rendered":"<p>Avis juridique 1. PROPRI\u00c9TAIRE DU SITE WEB ET DONN\u00c9ES DE CONTACT www.travestisbarcelona.com est un domaine Internet appartenant \u00e0 xxxxx. (ci-apr\u00e8s, La Soci\u00e9t\u00e9) avec CIF\/NIF xxxxx et adresse \u00e0 C\/ xxxxxxx CP BARCELONA. Le but du site Internet est de faire conna\u00eetre les services fournis par l&rsquo;entreprise et de constituer un outil de contact pour les&#8230;<\/p>\n","protected":false},"author":1,"featured_media":0,"parent":0,"menu_order":0,"comment_status":"closed","ping_status":"closed","template":"","meta":{"footnotes":""},"class_list":["post-831","page","type-page","status-publish","hentry"],"yoast_head":"<!-- This site is optimized with the Yoast SEO plugin v24.8.1 - https:\/\/yoast.com\/wordpress\/plugins\/seo\/ -->\n<title>Avis juridique - TravestisBarcelona.com<\/title>\n<meta name=\"robots\" content=\"noindex, follow\" \/>\n<meta property=\"og:locale\" content=\"fr_FR\" \/>\n<meta property=\"og:type\" content=\"article\" \/>\n<meta property=\"og:title\" content=\"Avis juridique - TravestisBarcelona.com\" \/>\n<meta property=\"og:description\" content=\"Avis juridique 1. PROPRI\u00c9TAIRE DU SITE WEB ET DONN\u00c9ES DE CONTACT www.travestisbarcelona.com est un domaine Internet appartenant \u00e0 xxxxx. (ci-apr\u00e8s, La Soci\u00e9t\u00e9) avec CIF\/NIF xxxxx et adresse \u00e0 C\/ xxxxxxx CP BARCELONA. Le but du site Internet est de faire conna\u00eetre les services fournis par l&rsquo;entreprise et de constituer un outil de contact pour les...\" \/>\n<meta property=\"og:url\" content=\"https:\/\/travestisbarcelona.com\/fr\/avis-juridique\/\" \/>\n<meta property=\"og:site_name\" content=\"TravestisBarcelona.com\" \/>\n<meta property=\"article:modified_time\" content=\"2023-10-27T14:52:24+00:00\" \/>\n<meta property=\"og:image\" content=\"https:\/\/travestisbarcelona.com\/wp-content\/uploads\/2023\/03\/Travesits-bcn.jpg\" \/>\n\t<meta property=\"og:image:width\" content=\"1400\" \/>\n\t<meta property=\"og:image:height\" content=\"933\" \/>\n\t<meta property=\"og:image:type\" content=\"image\/jpeg\" \/>\n<meta name=\"twitter:card\" content=\"summary_large_image\" \/>\n<meta name=\"twitter:label1\" content=\"Dur\u00e9e de lecture estim\u00e9e\" \/>\n\t<meta name=\"twitter:data1\" content=\"5 minutes\" \/>\n<script type=\"application\/ld+json\" class=\"yoast-schema-graph\">{\"@context\":\"https:\/\/schema.org\",\"@graph\":[{\"@type\":\"WebPage\",\"@id\":\"https:\/\/travestisbarcelona.com\/fr\/avis-juridique\/\",\"url\":\"https:\/\/travestisbarcelona.com\/fr\/avis-juridique\/\",\"name\":\"Avis juridique - TravestisBarcelona.com\",\"isPartOf\":{\"@id\":\"https:\/\/travestisbarcelona.com\/fr\/#website\"},\"datePublished\":\"2023-03-30T09:23:39+00:00\",\"dateModified\":\"2023-10-27T14:52:24+00:00\",\"breadcrumb\":{\"@id\":\"https:\/\/travestisbarcelona.com\/fr\/avis-juridique\/#breadcrumb\"},\"inLanguage\":\"fr-FR\",\"potentialAction\":[{\"@type\":\"ReadAction\",\"target\":[\"https:\/\/travestisbarcelona.com\/fr\/avis-juridique\/\"]}]},{\"@type\":\"BreadcrumbList\",\"@id\":\"https:\/\/travestisbarcelona.com\/fr\/avis-juridique\/#breadcrumb\",\"itemListElement\":[{\"@type\":\"ListItem\",\"position\":1,\"name\":\"Portada\",\"item\":\"https:\/\/travestisbarcelona.com\/fr\/\"},{\"@type\":\"ListItem\",\"position\":2,\"name\":\"Avis juridique\"}]},{\"@type\":\"WebSite\",\"@id\":\"https:\/\/travestisbarcelona.com\/fr\/#website\",\"url\":\"https:\/\/travestisbarcelona.com\/fr\/\",\"name\":\"TravestisBarcelona.com\",\"description\":\"Travestis Barcelona\",\"publisher\":{\"@id\":\"https:\/\/travestisbarcelona.com\/fr\/#organization\"},\"alternateName\":\"Travestis Barcelona\",\"potentialAction\":[{\"@type\":\"SearchAction\",\"target\":{\"@type\":\"EntryPoint\",\"urlTemplate\":\"https:\/\/travestisbarcelona.com\/fr\/?s={search_term_string}\"},\"query-input\":{\"@type\":\"PropertyValueSpecification\",\"valueRequired\":true,\"valueName\":\"search_term_string\"}}],\"inLanguage\":\"fr-FR\"},{\"@type\":\"Organization\",\"@id\":\"https:\/\/travestisbarcelona.com\/fr\/#organization\",\"name\":\"TravestisBarcelona.com\",\"alternateName\":\"Travestis Barcelona\",\"url\":\"https:\/\/travestisbarcelona.com\/fr\/\",\"logo\":{\"@type\":\"ImageObject\",\"inLanguage\":\"fr-FR\",\"@id\":\"https:\/\/travestisbarcelona.com\/fr\/#\/schema\/logo\/image\/\",\"url\":\"https:\/\/travestisbarcelona.com\/wp-content\/uploads\/2023\/03\/travestis-barcelona.png\",\"contentUrl\":\"https:\/\/travestisbarcelona.com\/wp-content\/uploads\/2023\/03\/travestis-barcelona.png\",\"width\":500,\"height\":78,\"caption\":\"TravestisBarcelona.com\"},\"image\":{\"@id\":\"https:\/\/travestisbarcelona.com\/fr\/#\/schema\/logo\/image\/\"}}]}<\/script>\n<!-- \/ Yoast SEO plugin. -->","yoast_head_json":{"title":"Avis juridique - TravestisBarcelona.com","robots":{"index":"noindex","follow":"follow"},"og_locale":"fr_FR","og_type":"article","og_title":"Avis juridique - TravestisBarcelona.com","og_description":"Avis juridique 1. PROPRI\u00c9TAIRE DU SITE WEB ET DONN\u00c9ES DE CONTACT www.travestisbarcelona.com est un domaine Internet appartenant \u00e0 xxxxx. (ci-apr\u00e8s, La Soci\u00e9t\u00e9) avec CIF\/NIF xxxxx et adresse \u00e0 C\/ xxxxxxx CP BARCELONA. Le but du site Internet est de faire conna\u00eetre les services fournis par l&rsquo;entreprise et de constituer un outil de contact pour les...","og_url":"https:\/\/travestisbarcelona.com\/fr\/avis-juridique\/","og_site_name":"TravestisBarcelona.com","article_modified_time":"2023-10-27T14:52:24+00:00","og_image":[{"width":1400,"height":933,"url":"https:\/\/travestisbarcelona.com\/wp-content\/uploads\/2023\/03\/Travesits-bcn.jpg","type":"image\/jpeg"}],"twitter_card":"summary_large_image","twitter_misc":{"Dur\u00e9e de lecture estim\u00e9e":"5 minutes"},"schema":{"@context":"https:\/\/schema.org","@graph":[{"@type":"WebPage","@id":"https:\/\/travestisbarcelona.com\/fr\/avis-juridique\/","url":"https:\/\/travestisbarcelona.com\/fr\/avis-juridique\/","name":"Avis juridique - TravestisBarcelona.com","isPartOf":{"@id":"https:\/\/travestisbarcelona.com\/fr\/#website"},"datePublished":"2023-03-30T09:23:39+00:00","dateModified":"2023-10-27T14:52:24+00:00","breadcrumb":{"@id":"https:\/\/travestisbarcelona.com\/fr\/avis-juridique\/#breadcrumb"},"inLanguage":"fr-FR","potentialAction":[{"@type":"ReadAction","target":["https:\/\/travestisbarcelona.com\/fr\/avis-juridique\/"]}]},{"@type":"BreadcrumbList","@id":"https:\/\/travestisbarcelona.com\/fr\/avis-juridique\/#breadcrumb","itemListElement":[{"@type":"ListItem","position":1,"name":"Portada","item":"https:\/\/travestisbarcelona.com\/fr\/"},{"@type":"ListItem","position":2,"name":"Avis juridique"}]},{"@type":"WebSite","@id":"https:\/\/travestisbarcelona.com\/fr\/#website","url":"https:\/\/travestisbarcelona.com\/fr\/","name":"TravestisBarcelona.com","description":"Travestis Barcelona","publisher":{"@id":"https:\/\/travestisbarcelona.com\/fr\/#organization"},"alternateName":"Travestis Barcelona","potentialAction":[{"@type":"SearchAction","target":{"@type":"EntryPoint","urlTemplate":"https:\/\/travestisbarcelona.com\/fr\/?s={search_term_string}"},"query-input":{"@type":"PropertyValueSpecification","valueRequired":true,"valueName":"search_term_string"}}],"inLanguage":"fr-FR"},{"@type":"Organization","@id":"https:\/\/travestisbarcelona.com\/fr\/#organization","name":"TravestisBarcelona.com","alternateName":"Travestis Barcelona","url":"https:\/\/travestisbarcelona.com\/fr\/","logo":{"@type":"ImageObject","inLanguage":"fr-FR","@id":"https:\/\/travestisbarcelona.com\/fr\/#\/schema\/logo\/image\/","url":"https:\/\/travestisbarcelona.com\/wp-content\/uploads\/2023\/03\/travestis-barcelona.png","contentUrl":"https:\/\/travestisbarcelona.com\/wp-content\/uploads\/2023\/03\/travestis-barcelona.png","width":500,"height":78,"caption":"TravestisBarcelona.com"},"image":{"@id":"https:\/\/travestisbarcelona.com\/fr\/#\/schema\/logo\/image\/"}}]}},"_links":{"self":[{"href":"https:\/\/travestisbarcelona.com\/fr\/wp-json\/wp\/v2\/pages\/831","targetHints":{"allow":["GET"]}}],"collection":[{"href":"https:\/\/travestisbarcelona.com\/fr\/wp-json\/wp\/v2\/pages"}],"about":[{"href":"https:\/\/travestisbarcelona.com\/fr\/wp-json\/wp\/v2\/types\/page"}],"author":[{"embeddable":true,"href":"https:\/\/travestisbarcelona.com\/fr\/wp-json\/wp\/v2\/users\/1"}],"replies":[{"embeddable":true,"href":"https:\/\/travestisbarcelona.com\/fr\/wp-json\/wp\/v2\/comments?post=831"}],"version-history":[{"count":2,"href":"https:\/\/travestisbarcelona.com\/fr\/wp-json\/wp\/v2\/pages\/831\/revisions"}],"predecessor-version":[{"id":3448,"href":"https:\/\/travestisbarcelona.com\/fr\/wp-json\/wp\/v2\/pages\/831\/revisions\/3448"}],"wp:attachment":[{"href":"https:\/\/travestisbarcelona.com\/fr\/wp-json\/wp\/v2\/media?parent=831"}],"curies":[{"name":"wp","href":"https:\/\/api.w.org\/{rel}","templated":true}]}}