{"id":839,"date":"2023-03-22T14:08:51","date_gmt":"2023-03-22T14:08:51","guid":{"rendered":"https:\/\/travestisbarcelona.com\/reservation\/"},"modified":"2023-10-27T13:18:09","modified_gmt":"2023-10-27T13:18:09","slug":"reserver","status":"publish","type":"page","link":"https:\/\/travestisbarcelona.com\/fr\/reserver\/","title":{"rendered":"Reserver"},"content":{"rendered":"<section class=\"l-section wpb_row height_huge full_height valign_center with_img parallax_ver parallax_xpos_right with_shape\"><div class=\"l-section-img\" role=\"img\" data-img-width=\"1400\" data-img-height=\"933\" style=\"background-image: url(https:\/\/travestisbarcelona.com\/wp-content\/uploads\/2023\/03\/trans-bcn.jpg);background-position: center right;\"><\/div><div class=\"l-section-overlay\" style=\"background:rgba(26,26,26,0.80)\"><\/div><div class=\"l-section-shape type_curve pos_bottom\" style=\"height:15vmin;\"><svg xmlns=\"http:\/\/www.w3.org\/2000\/svg\" viewBox=\"0 0 64 8\" preserveAspectRatio=\"none\" width=\"100%\" height=\"100%\">\r\n\t<path fill=\"currentColor\" d=\"M64 8 L64 0 Q32 15.8 0 0 L0 8 Z\"\/>\r\n<\/svg><\/div><div class=\"l-section-h i-cf\"><div class=\"g-cols vc_row via_grid cols_1 laptops-cols_inherit tablets-cols_inherit mobiles-cols_1 valign_top type_default stacking_default\"><div class=\"wpb_column vc_column_container\"><div class=\"vc_column-inner\"><div class=\"wpb_text_column\" id=\"1\"><div class=\"wpb_wrapper\"><h1 style=\"text-align: center;\"><span style=\"color: #fe4666;\"><strong>R\u00e9servation<\/strong><\/span><\/h1>\n<\/div><\/div><div class=\"w-separator size_custom\" style=\"height:40px\" id=\"x88f\"><style><\/style><\/div><div class=\"wpb_text_column\" id=\"1\"><div class=\"wpb_wrapper\"><p style=\"text-align: center;\">Nous sommes experts en mati\u00e8re de discr\u00e9tion lorsque nous effectuons des r\u00e9servations pour nos clients, en prot\u00e9geant leur anonymat \u00e0 tout moment.<\/p>\n<p style=\"text-align: center;\">En plus d&rsquo;organiser des soir\u00e9es priv\u00e9es pour des groupes s\u00e9lectionn\u00e9s dans les lieux les plus exclusifs de la ville, nous prenons soin de garantir la l\u00e9gitimit\u00e9 de toutes les escortes r\u00e9pertori\u00e9es sur notre site.<\/p>\n<p style=\"text-align: center;\">Pour garantir la disponibilit\u00e9 du mod\u00e8le choisi, nous demandons \u00e0 nos clients de r\u00e9server au moins une heure et demie \u00e0 l&rsquo;avance.<\/p>\n<\/div><\/div><div class=\"w-separator size_custom\" style=\"height:40px\" id=\"wad8\"><style><\/style><\/div><div class=\"g-cols wpb_row via_grid cols_1-4-1 laptops-cols_inherit tablets-cols_inherit mobiles-cols_1 valign_top type_default stacking_default\" style=\"--gap:3rem;\"><div class=\"wpb_column vc_column_container\"><div class=\"vc_column-inner\"><\/div><\/div><div class=\"wpb_column vc_column_container\"><div class=\"vc_column-inner\"><form class=\"w-form  layout_ver for_cform us_form_1\" autocomplete=\"off\" action=\"https:\/\/travestisbarcelona.com\/fr\/wp-json\/wp\/v2\/pages\/839\" method=\"post\"><div class=\"w-form-h\"><div class=\"w-form-row for_text required cols_2\">\r\n\t\t<div class=\"w-form-row-field\">\r\n\t\t\t\t\t\t<input aria-label=\"Nom\" type=\"text\" name=\"us_form_1_text_1\" value placeholder=\"Nom *\" data-required=\"true\" aria-required=\"true\"\/>\r\n\t\t\t<\/div>\r\n\t\t<div class=\"w-form-row-state\">Vous devez remplir ce champ<\/div>\r\n<\/div>\r\n<div class=\"w-form-row for_text cols_2\">\r\n\t\t<div class=\"w-form-row-field\">\r\n\t\t\t\t\t\t<input aria-label=\"T\u00e9l\u00e9phone\" inputmode=\"tel\" type=\"text\" name=\"us_form_1_text_2\" value placeholder=\"T\u00e9l\u00e9phone\"\/>\r\n\t\t\t<\/div>\r\n\t\t<div class=\"w-form-row-state\">Vous devez remplir ce champ<\/div>\r\n<\/div>\r\n<div class=\"w-form-row for_email required cols_2\">\r\n\t\t<div class=\"w-form-row-field\">\r\n\t\t\t\t\t\t<input aria-label=\"Adresse \u00e9lectronique\" type=\"email\" name=\"us_form_1_email_1\" value placeholder=\"Adresse \u00e9lectronique *\" data-required=\"true\" aria-required=\"true\"\/>\r\n\t\t\t<\/div>\r\n\t\t<div class=\"w-form-row-state\">Veuillez saisir une adresse e-mail valide.<\/div>\r\n<\/div>\r\n<div class=\"w-form-row for_select cols_2\">\r\n\t\t<div class=\"w-form-row-field\">\r\n\t\t\t\t\t\t<select aria-label=\"Comment nous avez-vous rencontr\u00e9s ?\" name=\"us_form_1_select_1\">\r\n\t\t\t<option value=\"Comment nous avez-vous rencontr\u00e9s ?\">Comment nous avez-vous rencontr\u00e9s ?<\/option><option value=\"l&#039;Internet\">l'Internet<\/option><option value=\"Recommandation\">Recommandation<\/option>\t\t<\/select>\r\n\t\t\t<\/div>\r\n\t\t<div class=\"w-form-row-state\">S\u00e9lectionner une option<\/div>\r\n<\/div>\r\n<div class=\"w-form-row for_textarea required\">\r\n\t\t<div class=\"w-form-row-field\">\r\n\t\t\t\t\t\t<textarea aria-label=\"Message\" name=\"us_form_1_textarea_1\" placeholder=\"Message *\" data-required=\"true\" aria-required=\"true\"><\/textarea>\r\n\t\t\t<\/div>\r\n\t\t<div class=\"w-form-row-state\">Vous devez remplir ce champ<\/div>\r\n<\/div>\r\n<div class=\"w-form-row for_captcha required\">\r\n\t<div class=\"w-form-row-label\">\r\n\t\t<span> <span>20 + 9 = ?<\/span><\/span>\r\n\t<\/div>\r\n\t<div class=\"w-form-row-field\">\r\n\t\t\t\t<input type=\"hidden\" name=\"us_form_1_captcha_1_hash\" value=\"6efbf3d02b841a7b6cff9cffdab75446\" \/>\r\n\t\t\t\t<input aria-label=\"us_form_1_captcha_1\" type=\"text\" name=\"us_form_1_captcha_1\" placeholder data-required=\"true\" aria-required=\"true\"\/>\r\n\t\t\t<\/div>\r\n\t\t<div class=\"w-form-row-state\">Entrer le r\u00e9sultat de l'op\u00e9ration pour continuer<\/div>\r\n<\/div>\r\n<div class=\"w-form-row for_agreement required\">\r\n\t\t<div class=\"w-form-row-field\">\r\n\t\t\t\t<label>\r\n\t\t\t<input type=\"checkbox\" value=\"1\" data-required=\"true\" aria-required=\"true\" name=\"us_form_1_agreement_1\"\/>\r\n\t\t\t<span>J'accepte la <a href=\"https:\/\/travestisbarcelona.com\/fr\/politique-de-confidentialite\/\" target=\"_blank\" rel=\"noopener\"><strong>politique de confidentialit\u00e9<\/strong><\/a> et les <a href=\"https:\/\/travestisbarcelona.com\/fr\/avis-juridique\/\" target=\"_blank\" rel=\"noopener\"><strong>mentions l\u00e9gales<\/strong><\/a> de ce site web.<\/span>\r\n\t\t<\/label>\r\n\t\t\t<\/div>\r\n\t\t<div class=\"w-form-row-state\">Vous devez accepter les conditions pour continuer<\/div>\r\n<\/div>\r\n<input type=\"hidden\" name=\"action\" value=\"us_ajax_cform\" \/>\r\n<input type=\"hidden\" name=\"post_id\" value=\"0\" \/>\r\n<input type=\"hidden\" name=\"form_index\" value=\"1\" \/>\r\n<div class=\"w-form-row for_submit align_none\">\r\n\t<button class=\"w-btn  us-btn-style_1\" aria-label=\"Envoyer\" type=\"submit\">\r\n\t\t<span class=\"g-preloader type_1\"><\/span>\r\n\t\t\t\t<span class=\"w-btn-label\">Envoyer<\/span>\r\n\t\t\t<\/button>\r\n\t<\/div>\r\n<\/div><div class=\"w-form-message\"><\/div><div class=\"w-form-json hidden\" onclick='return {&quot;ajaxurl&quot;:&quot;https:\\\/\\\/travestisbarcelona.com\\\/wp-admin\\\/admin-ajax.php&quot;,&quot;messages&quot;:{&quot;err_empty&quot;:&quot;Vous devez remplir ce champ&quot;,&quot;err_size&quot;:&quot;La taille du fichier ne peut pas d\\u00e9passer %s Mo&quot;,&quot;err_extension&quot;:&quot;Le type de fichier %s n&#039;est pas autoris\\u00e9&quot;}}'><\/div><\/form><\/div><\/div><div class=\"wpb_column vc_column_container\"><div class=\"vc_column-inner\"><\/div><\/div><\/div><\/div><\/div><\/div><\/div><\/section>\n","protected":false},"excerpt":{"rendered":"R\u00e9servation Nous sommes experts en mati\u00e8re de discr\u00e9tion lorsque nous effectuons des r\u00e9servations pour nos clients, en prot\u00e9geant leur anonymat \u00e0 tout moment. En plus d&rsquo;organiser des soir\u00e9es priv\u00e9es pour des groupes s\u00e9lectionn\u00e9s dans les lieux les plus exclusifs de la ville, nous prenons soin de garantir la l\u00e9gitimit\u00e9 de toutes les escortes r\u00e9pertori\u00e9es sur...","protected":false},"author":1,"featured_media":0,"parent":0,"menu_order":0,"comment_status":"closed","ping_status":"closed","template":"","meta":{"footnotes":""},"class_list":["post-839","page","type-page","status-publish","hentry"],"yoast_head":"<!-- This site is optimized with the Yoast SEO plugin v24.8.1 - https:\/\/yoast.com\/wordpress\/plugins\/seo\/ -->\n<title>Reserver - TravestisBarcelona.com<\/title>\n<meta name=\"robots\" content=\"noindex, follow\" \/>\n<meta property=\"og:locale\" content=\"fr_FR\" \/>\n<meta property=\"og:type\" content=\"article\" \/>\n<meta property=\"og:title\" content=\"Reserver - TravestisBarcelona.com\" \/>\n<meta property=\"og:url\" content=\"https:\/\/travestisbarcelona.com\/fr\/reserver\/\" \/>\n<meta property=\"og:site_name\" content=\"TravestisBarcelona.com\" \/>\n<meta property=\"article:modified_time\" content=\"2023-10-27T13:18:09+00:00\" \/>\n<meta property=\"og:image\" content=\"https:\/\/travestisbarcelona.com\/wp-content\/uploads\/2023\/03\/Travesits-bcn.jpg\" \/>\n\t<meta property=\"og:image:width\" content=\"1400\" \/>\n\t<meta property=\"og:image:height\" content=\"933\" \/>\n\t<meta property=\"og:image:type\" content=\"image\/jpeg\" \/>\n<meta name=\"twitter:card\" content=\"summary_large_image\" \/>\n<meta name=\"twitter:label1\" content=\"Dur\u00e9e de lecture estim\u00e9e\" \/>\n\t<meta name=\"twitter:data1\" content=\"1 minute\" \/>\n<script type=\"application\/ld+json\" class=\"yoast-schema-graph\">{\"@context\":\"https:\/\/schema.org\",\"@graph\":[{\"@type\":\"WebPage\",\"@id\":\"https:\/\/travestisbarcelona.com\/fr\/reserver\/\",\"url\":\"https:\/\/travestisbarcelona.com\/fr\/reserver\/\",\"name\":\"Reserver - TravestisBarcelona.com\",\"isPartOf\":{\"@id\":\"https:\/\/travestisbarcelona.com\/fr\/#website\"},\"datePublished\":\"2023-03-22T14:08:51+00:00\",\"dateModified\":\"2023-10-27T13:18:09+00:00\",\"breadcrumb\":{\"@id\":\"https:\/\/travestisbarcelona.com\/fr\/reserver\/#breadcrumb\"},\"inLanguage\":\"fr-FR\",\"potentialAction\":[{\"@type\":\"ReadAction\",\"target\":[\"https:\/\/travestisbarcelona.com\/fr\/reserver\/\"]}]},{\"@type\":\"BreadcrumbList\",\"@id\":\"https:\/\/travestisbarcelona.com\/fr\/reserver\/#breadcrumb\",\"itemListElement\":[{\"@type\":\"ListItem\",\"position\":1,\"name\":\"Portada\",\"item\":\"https:\/\/travestisbarcelona.com\/fr\/\"},{\"@type\":\"ListItem\",\"position\":2,\"name\":\"Reserver\"}]},{\"@type\":\"WebSite\",\"@id\":\"https:\/\/travestisbarcelona.com\/fr\/#website\",\"url\":\"https:\/\/travestisbarcelona.com\/fr\/\",\"name\":\"TravestisBarcelona.com\",\"description\":\"Travestis Barcelona\",\"publisher\":{\"@id\":\"https:\/\/travestisbarcelona.com\/fr\/#organization\"},\"alternateName\":\"Travestis Barcelona\",\"potentialAction\":[{\"@type\":\"SearchAction\",\"target\":{\"@type\":\"EntryPoint\",\"urlTemplate\":\"https:\/\/travestisbarcelona.com\/fr\/?s={search_term_string}\"},\"query-input\":{\"@type\":\"PropertyValueSpecification\",\"valueRequired\":true,\"valueName\":\"search_term_string\"}}],\"inLanguage\":\"fr-FR\"},{\"@type\":\"Organization\",\"@id\":\"https:\/\/travestisbarcelona.com\/fr\/#organization\",\"name\":\"TravestisBarcelona.com\",\"alternateName\":\"Travestis Barcelona\",\"url\":\"https:\/\/travestisbarcelona.com\/fr\/\",\"logo\":{\"@type\":\"ImageObject\",\"inLanguage\":\"fr-FR\",\"@id\":\"https:\/\/travestisbarcelona.com\/fr\/#\/schema\/logo\/image\/\",\"url\":\"https:\/\/travestisbarcelona.com\/wp-content\/uploads\/2023\/03\/travestis-barcelona.png\",\"contentUrl\":\"https:\/\/travestisbarcelona.com\/wp-content\/uploads\/2023\/03\/travestis-barcelona.png\",\"width\":500,\"height\":78,\"caption\":\"TravestisBarcelona.com\"},\"image\":{\"@id\":\"https:\/\/travestisbarcelona.com\/fr\/#\/schema\/logo\/image\/\"}}]}<\/script>\n<!-- \/ Yoast SEO plugin. -->","yoast_head_json":{"title":"Reserver - TravestisBarcelona.com","robots":{"index":"noindex","follow":"follow"},"og_locale":"fr_FR","og_type":"article","og_title":"Reserver - TravestisBarcelona.com","og_url":"https:\/\/travestisbarcelona.com\/fr\/reserver\/","og_site_name":"TravestisBarcelona.com","article_modified_time":"2023-10-27T13:18:09+00:00","og_image":[{"width":1400,"height":933,"url":"https:\/\/travestisbarcelona.com\/wp-content\/uploads\/2023\/03\/Travesits-bcn.jpg","type":"image\/jpeg"}],"twitter_card":"summary_large_image","twitter_misc":{"Dur\u00e9e de lecture estim\u00e9e":"1 minute"},"schema":{"@context":"https:\/\/schema.org","@graph":[{"@type":"WebPage","@id":"https:\/\/travestisbarcelona.com\/fr\/reserver\/","url":"https:\/\/travestisbarcelona.com\/fr\/reserver\/","name":"Reserver - TravestisBarcelona.com","isPartOf":{"@id":"https:\/\/travestisbarcelona.com\/fr\/#website"},"datePublished":"2023-03-22T14:08:51+00:00","dateModified":"2023-10-27T13:18:09+00:00","breadcrumb":{"@id":"https:\/\/travestisbarcelona.com\/fr\/reserver\/#breadcrumb"},"inLanguage":"fr-FR","potentialAction":[{"@type":"ReadAction","target":["https:\/\/travestisbarcelona.com\/fr\/reserver\/"]}]},{"@type":"BreadcrumbList","@id":"https:\/\/travestisbarcelona.com\/fr\/reserver\/#breadcrumb","itemListElement":[{"@type":"ListItem","position":1,"name":"Portada","item":"https:\/\/travestisbarcelona.com\/fr\/"},{"@type":"ListItem","position":2,"name":"Reserver"}]},{"@type":"WebSite","@id":"https:\/\/travestisbarcelona.com\/fr\/#website","url":"https:\/\/travestisbarcelona.com\/fr\/","name":"TravestisBarcelona.com","description":"Travestis Barcelona","publisher":{"@id":"https:\/\/travestisbarcelona.com\/fr\/#organization"},"alternateName":"Travestis Barcelona","potentialAction":[{"@type":"SearchAction","target":{"@type":"EntryPoint","urlTemplate":"https:\/\/travestisbarcelona.com\/fr\/?s={search_term_string}"},"query-input":{"@type":"PropertyValueSpecification","valueRequired":true,"valueName":"search_term_string"}}],"inLanguage":"fr-FR"},{"@type":"Organization","@id":"https:\/\/travestisbarcelona.com\/fr\/#organization","name":"TravestisBarcelona.com","alternateName":"Travestis Barcelona","url":"https:\/\/travestisbarcelona.com\/fr\/","logo":{"@type":"ImageObject","inLanguage":"fr-FR","@id":"https:\/\/travestisbarcelona.com\/fr\/#\/schema\/logo\/image\/","url":"https:\/\/travestisbarcelona.com\/wp-content\/uploads\/2023\/03\/travestis-barcelona.png","contentUrl":"https:\/\/travestisbarcelona.com\/wp-content\/uploads\/2023\/03\/travestis-barcelona.png","width":500,"height":78,"caption":"TravestisBarcelona.com"},"image":{"@id":"https:\/\/travestisbarcelona.com\/fr\/#\/schema\/logo\/image\/"}}]}},"_links":{"self":[{"href":"https:\/\/travestisbarcelona.com\/fr\/wp-json\/wp\/v2\/pages\/839","targetHints":{"allow":["GET"]}}],"collection":[{"href":"https:\/\/travestisbarcelona.com\/fr\/wp-json\/wp\/v2\/pages"}],"about":[{"href":"https:\/\/travestisbarcelona.com\/fr\/wp-json\/wp\/v2\/types\/page"}],"author":[{"embeddable":true,"href":"https:\/\/travestisbarcelona.com\/fr\/wp-json\/wp\/v2\/users\/1"}],"replies":[{"embeddable":true,"href":"https:\/\/travestisbarcelona.com\/fr\/wp-json\/wp\/v2\/comments?post=839"}],"version-history":[{"count":5,"href":"https:\/\/travestisbarcelona.com\/fr\/wp-json\/wp\/v2\/pages\/839\/revisions"}],"predecessor-version":[{"id":3432,"href":"https:\/\/travestisbarcelona.com\/fr\/wp-json\/wp\/v2\/pages\/839\/revisions\/3432"}],"wp:attachment":[{"href":"https:\/\/travestisbarcelona.com\/fr\/wp-json\/wp\/v2\/media?parent=839"}],"curies":[{"name":"wp","href":"https:\/\/api.w.org\/{rel}","templated":true}]}}