{"id":845,"date":"2023-03-22T14:57:33","date_gmt":"2023-03-22T14:57:33","guid":{"rendered":"https:\/\/travestisbarcelona.com\/politique-en-matiere-de-cookies\/"},"modified":"2023-10-27T14:44:27","modified_gmt":"2023-10-27T14:44:27","slug":"politique-en-matiere-de-cookies","status":"publish","type":"page","link":"https:\/\/travestisbarcelona.com\/fr\/politique-en-matiere-de-cookies\/","title":{"rendered":"Politique en mati\u00e8re de cookies"},"content":{"rendered":"<h1>Politique en mati\u00e8re de cookies<\/h1>\n<p>Ceci est la politique de cookies de travestisbarcelona.com, accessible depuis travestisbarcelona.com<\/p>\n<p>QUE SONT LES COOKIES<br \/>\nComme c&rsquo;est une pratique courante sur presque tous les sites Web professionnels, ce site utilise des cookies, qui sont de petits fichiers t\u00e9l\u00e9charg\u00e9s sur votre ordinateur, pour am\u00e9liorer votre exp\u00e9rience. Cette page d\u00e9crit les informations qu&rsquo;ils collectent, comment nous les utilisons et pourquoi nous devons parfois stocker ces cookies. Nous vous expliquerons \u00e9galement comment vous pouvez emp\u00eacher le stockage de ces cookies\u00a0; cependant, cela peut d\u00e9grader ou \u00ab casser \u00bb certains \u00e9l\u00e9ments de la fonctionnalit\u00e9 du site.<\/p>\n<p>Pour des informations plus g\u00e9n\u00e9rales sur les cookies, consultez l&rsquo;article Wikip\u00e9dia sur les cookies HTTP.<\/p>\n<p>COMMENT NOUS UTILISONS LES COOKIES<br \/>\nNous utilisons des cookies pour diverses raisons d\u00e9taill\u00e9es ci-dessous. Malheureusement, dans la plupart des cas, il n&rsquo;existe aucune option standard de l&rsquo;industrie pour d\u00e9sactiver les cookies sans d\u00e9sactiver compl\u00e8tement les fonctionnalit\u00e9s et les caract\u00e9ristiques qu&rsquo;ils ajoutent \u00e0 ce site. Il est recommand\u00e9 de laisser tous les cookies activ\u00e9s si vous n&rsquo;\u00eates pas s\u00fbr d&rsquo;en avoir besoin ou non au cas o\u00f9 ils seraient utilis\u00e9s pour fournir un service que vous utilisez.<\/p>\n<p>D\u00c9SACTIVER LES COOKIES<br \/>\nVous pouvez emp\u00eacher l&rsquo;installation de cookies en ajustant les param\u00e8tres de votre navigateur (consultez l&rsquo;aide de votre navigateur pour savoir comment proc\u00e9der). Veuillez noter que la d\u00e9sactivation des cookies affectera la fonctionnalit\u00e9 de ce site et de nombreux autres sites Web que vous visitez. La d\u00e9sactivation des cookies entra\u00eenera g\u00e9n\u00e9ralement \u00e9galement la d\u00e9sactivation de certaines fonctions et caract\u00e9ristiques de ce site. Il est donc recommand\u00e9 de ne pas d\u00e9sactiver les cookies.<\/p>\n<p>LES COOKIES QUE NOUS \u00c9TABLISSONS<br \/>\nCookies li\u00e9s aux formulaires<\/p>\n<p>Lorsque vous soumettez des donn\u00e9es via un formulaire tel que ceux trouv\u00e9s sur les pages de contact ou les formulaires de commentaires, des cookies peuvent \u00eatre d\u00e9finis pour m\u00e9moriser vos informations d&rsquo;utilisateur pour une correspondance future.<\/p>\n<p>COOKIES TIERS<br \/>\nDans certains cas particuliers, nous utilisons \u00e9galement des cookies fournis par des tiers de confiance. La section suivante d\u00e9taille les cookies tiers que vous pouvez rencontrer via ce site.<\/p>\n<p>Ce site utilise Google Analytics, qui est l&rsquo;une des solutions d&rsquo;analyse les plus r\u00e9pandues et les plus fiables sur le Web, pour nous aider \u00e0 comprendre comment vous utilisez le site et comment nous pouvons am\u00e9liorer votre exp\u00e9rience. Ces cookies peuvent suivre des \u00e9l\u00e9ments tels que le temps que vous passez sur le site et les pages que vous visitez afin que nous puissions continuer \u00e0 produire un contenu attrayant.<\/p>\n<p>Pour plus d&rsquo;informations sur les cookies de Google Analytics, consultez la page officielle de Google Analytics.<\/p>\n<p>PLUS D&rsquo;INFORMATIONS<br \/>\nJ&rsquo;esp\u00e8re que cela a rendu les choses plus claires pour vous et comme mentionn\u00e9 ci-dessus, s&rsquo;il y a quelque chose dont vous ne savez pas si vous en avez besoin ou non, il est g\u00e9n\u00e9ralement plus s\u00fbr de laisser les cookies activ\u00e9s au cas o\u00f9 ils interagiraient avec l&rsquo;une des fonctionnalit\u00e9s que vous utilisez sur notre site. Cette politique en mati\u00e8re de cookies a \u00e9t\u00e9 cr\u00e9\u00e9e \u00e0 l&rsquo;aide du g\u00e9n\u00e9rateur de mod\u00e8le de politique en mati\u00e8re de cookies RGPD et du mod\u00e8le de politique en mati\u00e8re de cookies RGPD bas\u00e9 sur le g\u00e9n\u00e9rateur de politique de confidentialit\u00e9 TermsFeed.<\/p>\n<p>Toutefois, si vous recherchez toujours plus d&rsquo;informations, vous pouvez nous contacter via l&rsquo;une de nos m\u00e9thodes de contact pr\u00e9f\u00e9r\u00e9es\u00a0:<\/p>\n<p>E-mail : info@travestisbarcelona.com<\/p>\n","protected":false},"excerpt":{"rendered":"<p>Politique en mati\u00e8re de cookies Ceci est la politique de cookies de travestisbarcelona.com, accessible depuis travestisbarcelona.com QUE SONT LES COOKIES Comme c&rsquo;est une pratique courante sur presque tous les sites Web professionnels, ce site utilise des cookies, qui sont de petits fichiers t\u00e9l\u00e9charg\u00e9s sur votre ordinateur, pour am\u00e9liorer votre exp\u00e9rience. Cette page d\u00e9crit les informations&#8230;<\/p>\n","protected":false},"author":1,"featured_media":0,"parent":0,"menu_order":0,"comment_status":"closed","ping_status":"closed","template":"","meta":{"footnotes":""},"class_list":["post-845","page","type-page","status-publish","hentry"],"yoast_head":"<!-- This site is optimized with the Yoast SEO plugin v24.8.1 - https:\/\/yoast.com\/wordpress\/plugins\/seo\/ -->\n<title>Politique en mati\u00e8re de cookies - TravestisBarcelona.com<\/title>\n<meta name=\"robots\" content=\"noindex, follow\" \/>\n<meta property=\"og:locale\" content=\"fr_FR\" \/>\n<meta property=\"og:type\" content=\"article\" \/>\n<meta property=\"og:title\" content=\"Politique en mati\u00e8re de cookies - TravestisBarcelona.com\" \/>\n<meta property=\"og:description\" content=\"Politique en mati\u00e8re de cookies Ceci est la politique de cookies de travestisbarcelona.com, accessible depuis travestisbarcelona.com QUE SONT LES COOKIES Comme c&rsquo;est une pratique courante sur presque tous les sites Web professionnels, ce site utilise des cookies, qui sont de petits fichiers t\u00e9l\u00e9charg\u00e9s sur votre ordinateur, pour am\u00e9liorer votre exp\u00e9rience. Cette page d\u00e9crit les informations...\" \/>\n<meta property=\"og:url\" content=\"https:\/\/travestisbarcelona.com\/fr\/politique-en-matiere-de-cookies\/\" \/>\n<meta property=\"og:site_name\" content=\"TravestisBarcelona.com\" \/>\n<meta property=\"article:modified_time\" content=\"2023-10-27T14:44:27+00:00\" \/>\n<meta property=\"og:image\" content=\"https:\/\/travestisbarcelona.com\/wp-content\/uploads\/2023\/03\/Travesits-bcn.jpg\" \/>\n\t<meta property=\"og:image:width\" content=\"1400\" \/>\n\t<meta property=\"og:image:height\" content=\"933\" \/>\n\t<meta property=\"og:image:type\" content=\"image\/jpeg\" \/>\n<meta name=\"twitter:card\" content=\"summary_large_image\" \/>\n<meta name=\"twitter:label1\" content=\"Dur\u00e9e de lecture estim\u00e9e\" \/>\n\t<meta name=\"twitter:data1\" content=\"3 minutes\" \/>\n<script type=\"application\/ld+json\" class=\"yoast-schema-graph\">{\"@context\":\"https:\/\/schema.org\",\"@graph\":[{\"@type\":\"WebPage\",\"@id\":\"https:\/\/travestisbarcelona.com\/fr\/politique-en-matiere-de-cookies\/\",\"url\":\"https:\/\/travestisbarcelona.com\/fr\/politique-en-matiere-de-cookies\/\",\"name\":\"Politique en mati\u00e8re de cookies - TravestisBarcelona.com\",\"isPartOf\":{\"@id\":\"https:\/\/travestisbarcelona.com\/fr\/#website\"},\"datePublished\":\"2023-03-22T14:57:33+00:00\",\"dateModified\":\"2023-10-27T14:44:27+00:00\",\"breadcrumb\":{\"@id\":\"https:\/\/travestisbarcelona.com\/fr\/politique-en-matiere-de-cookies\/#breadcrumb\"},\"inLanguage\":\"fr-FR\",\"potentialAction\":[{\"@type\":\"ReadAction\",\"target\":[\"https:\/\/travestisbarcelona.com\/fr\/politique-en-matiere-de-cookies\/\"]}]},{\"@type\":\"BreadcrumbList\",\"@id\":\"https:\/\/travestisbarcelona.com\/fr\/politique-en-matiere-de-cookies\/#breadcrumb\",\"itemListElement\":[{\"@type\":\"ListItem\",\"position\":1,\"name\":\"Portada\",\"item\":\"https:\/\/travestisbarcelona.com\/fr\/\"},{\"@type\":\"ListItem\",\"position\":2,\"name\":\"Politique en mati\u00e8re de cookies\"}]},{\"@type\":\"WebSite\",\"@id\":\"https:\/\/travestisbarcelona.com\/fr\/#website\",\"url\":\"https:\/\/travestisbarcelona.com\/fr\/\",\"name\":\"TravestisBarcelona.com\",\"description\":\"Travestis Barcelona\",\"publisher\":{\"@id\":\"https:\/\/travestisbarcelona.com\/fr\/#organization\"},\"alternateName\":\"Travestis Barcelona\",\"potentialAction\":[{\"@type\":\"SearchAction\",\"target\":{\"@type\":\"EntryPoint\",\"urlTemplate\":\"https:\/\/travestisbarcelona.com\/fr\/?s={search_term_string}\"},\"query-input\":{\"@type\":\"PropertyValueSpecification\",\"valueRequired\":true,\"valueName\":\"search_term_string\"}}],\"inLanguage\":\"fr-FR\"},{\"@type\":\"Organization\",\"@id\":\"https:\/\/travestisbarcelona.com\/fr\/#organization\",\"name\":\"TravestisBarcelona.com\",\"alternateName\":\"Travestis Barcelona\",\"url\":\"https:\/\/travestisbarcelona.com\/fr\/\",\"logo\":{\"@type\":\"ImageObject\",\"inLanguage\":\"fr-FR\",\"@id\":\"https:\/\/travestisbarcelona.com\/fr\/#\/schema\/logo\/image\/\",\"url\":\"https:\/\/travestisbarcelona.com\/wp-content\/uploads\/2023\/03\/travestis-barcelona.png\",\"contentUrl\":\"https:\/\/travestisbarcelona.com\/wp-content\/uploads\/2023\/03\/travestis-barcelona.png\",\"width\":500,\"height\":78,\"caption\":\"TravestisBarcelona.com\"},\"image\":{\"@id\":\"https:\/\/travestisbarcelona.com\/fr\/#\/schema\/logo\/image\/\"}}]}<\/script>\n<!-- \/ Yoast SEO plugin. -->","yoast_head_json":{"title":"Politique en mati\u00e8re de cookies - TravestisBarcelona.com","robots":{"index":"noindex","follow":"follow"},"og_locale":"fr_FR","og_type":"article","og_title":"Politique en mati\u00e8re de cookies - TravestisBarcelona.com","og_description":"Politique en mati\u00e8re de cookies Ceci est la politique de cookies de travestisbarcelona.com, accessible depuis travestisbarcelona.com QUE SONT LES COOKIES Comme c&rsquo;est une pratique courante sur presque tous les sites Web professionnels, ce site utilise des cookies, qui sont de petits fichiers t\u00e9l\u00e9charg\u00e9s sur votre ordinateur, pour am\u00e9liorer votre exp\u00e9rience. Cette page d\u00e9crit les informations...","og_url":"https:\/\/travestisbarcelona.com\/fr\/politique-en-matiere-de-cookies\/","og_site_name":"TravestisBarcelona.com","article_modified_time":"2023-10-27T14:44:27+00:00","og_image":[{"width":1400,"height":933,"url":"https:\/\/travestisbarcelona.com\/wp-content\/uploads\/2023\/03\/Travesits-bcn.jpg","type":"image\/jpeg"}],"twitter_card":"summary_large_image","twitter_misc":{"Dur\u00e9e de lecture estim\u00e9e":"3 minutes"},"schema":{"@context":"https:\/\/schema.org","@graph":[{"@type":"WebPage","@id":"https:\/\/travestisbarcelona.com\/fr\/politique-en-matiere-de-cookies\/","url":"https:\/\/travestisbarcelona.com\/fr\/politique-en-matiere-de-cookies\/","name":"Politique en mati\u00e8re de cookies - TravestisBarcelona.com","isPartOf":{"@id":"https:\/\/travestisbarcelona.com\/fr\/#website"},"datePublished":"2023-03-22T14:57:33+00:00","dateModified":"2023-10-27T14:44:27+00:00","breadcrumb":{"@id":"https:\/\/travestisbarcelona.com\/fr\/politique-en-matiere-de-cookies\/#breadcrumb"},"inLanguage":"fr-FR","potentialAction":[{"@type":"ReadAction","target":["https:\/\/travestisbarcelona.com\/fr\/politique-en-matiere-de-cookies\/"]}]},{"@type":"BreadcrumbList","@id":"https:\/\/travestisbarcelona.com\/fr\/politique-en-matiere-de-cookies\/#breadcrumb","itemListElement":[{"@type":"ListItem","position":1,"name":"Portada","item":"https:\/\/travestisbarcelona.com\/fr\/"},{"@type":"ListItem","position":2,"name":"Politique en mati\u00e8re de cookies"}]},{"@type":"WebSite","@id":"https:\/\/travestisbarcelona.com\/fr\/#website","url":"https:\/\/travestisbarcelona.com\/fr\/","name":"TravestisBarcelona.com","description":"Travestis Barcelona","publisher":{"@id":"https:\/\/travestisbarcelona.com\/fr\/#organization"},"alternateName":"Travestis Barcelona","potentialAction":[{"@type":"SearchAction","target":{"@type":"EntryPoint","urlTemplate":"https:\/\/travestisbarcelona.com\/fr\/?s={search_term_string}"},"query-input":{"@type":"PropertyValueSpecification","valueRequired":true,"valueName":"search_term_string"}}],"inLanguage":"fr-FR"},{"@type":"Organization","@id":"https:\/\/travestisbarcelona.com\/fr\/#organization","name":"TravestisBarcelona.com","alternateName":"Travestis Barcelona","url":"https:\/\/travestisbarcelona.com\/fr\/","logo":{"@type":"ImageObject","inLanguage":"fr-FR","@id":"https:\/\/travestisbarcelona.com\/fr\/#\/schema\/logo\/image\/","url":"https:\/\/travestisbarcelona.com\/wp-content\/uploads\/2023\/03\/travestis-barcelona.png","contentUrl":"https:\/\/travestisbarcelona.com\/wp-content\/uploads\/2023\/03\/travestis-barcelona.png","width":500,"height":78,"caption":"TravestisBarcelona.com"},"image":{"@id":"https:\/\/travestisbarcelona.com\/fr\/#\/schema\/logo\/image\/"}}]}},"_links":{"self":[{"href":"https:\/\/travestisbarcelona.com\/fr\/wp-json\/wp\/v2\/pages\/845","targetHints":{"allow":["GET"]}}],"collection":[{"href":"https:\/\/travestisbarcelona.com\/fr\/wp-json\/wp\/v2\/pages"}],"about":[{"href":"https:\/\/travestisbarcelona.com\/fr\/wp-json\/wp\/v2\/types\/page"}],"author":[{"embeddable":true,"href":"https:\/\/travestisbarcelona.com\/fr\/wp-json\/wp\/v2\/users\/1"}],"replies":[{"embeddable":true,"href":"https:\/\/travestisbarcelona.com\/fr\/wp-json\/wp\/v2\/comments?post=845"}],"version-history":[{"count":1,"href":"https:\/\/travestisbarcelona.com\/fr\/wp-json\/wp\/v2\/pages\/845\/revisions"}],"predecessor-version":[{"id":3443,"href":"https:\/\/travestisbarcelona.com\/fr\/wp-json\/wp\/v2\/pages\/845\/revisions\/3443"}],"wp:attachment":[{"href":"https:\/\/travestisbarcelona.com\/fr\/wp-json\/wp\/v2\/media?parent=845"}],"curies":[{"name":"wp","href":"https:\/\/api.w.org\/{rel}","templated":true}]}}