{"id":846,"date":"2023-03-30T09:22:46","date_gmt":"2023-03-30T09:22:46","guid":{"rendered":"https:\/\/travestisbarcelona.com\/politique-de-confidentialite\/"},"modified":"2023-10-27T14:48:11","modified_gmt":"2023-10-27T14:48:11","slug":"politique-de-confidentialite","status":"publish","type":"page","link":"https:\/\/travestisbarcelona.com\/fr\/politique-de-confidentialite\/","title":{"rendered":"Politique de confidentialit\u00e9"},"content":{"rendered":"<h1>Politique de confidentialit\u00e9<\/h1>\n<p>IDENTIT\u00c9 DU RESPONSABLE<br \/>\nTitre\u00a0: xxxxx<\/p>\n<p>NIF\/CIF\u00a0: xxxxxx<\/p>\n<p>Adresse\u00a0: xxxxx<\/p>\n<p>E-mail : info@travestisbarcelona.com<\/p>\n<p>Web\u00a0: https:\/\/travestisbarcelona.com\/<\/p>\n<p>PRINCIPES APPLIQU\u00c9S AU TRAITEMENT DES DONN\u00c9ES<br \/>\nDans le traitement de vos donn\u00e9es personnelles, le Propri\u00e9taire appliquera les principes suivants, conformes aux exigences du nouveau r\u00e8glement europ\u00e9en sur la protection des donn\u00e9es :<\/p>\n<p>Principe de l\u00e9galit\u00e9, de loyaut\u00e9 et de transparence : Le Propri\u00e9taire exigera toujours le consentement pour le traitement de vos donn\u00e9es personnelles, qui peut \u00eatre destin\u00e9 \u00e0 une ou plusieurs finalit\u00e9s sp\u00e9cifiques dont vous informerez au pr\u00e9alable en toute transparence.<br \/>\nPrincipe de minimisation des donn\u00e9es : Le Propri\u00e9taire demandera uniquement les donn\u00e9es strictement n\u00e9cessaires \u00e0 la ou aux finalit\u00e9s demand\u00e9es.<br \/>\nPrincipe de limitation de la dur\u00e9e de conservation : Les donn\u00e9es seront conserv\u00e9es pendant la dur\u00e9e strictement n\u00e9cessaire \u00e0 la ou aux finalit\u00e9s du traitement.<br \/>\nLe Propri\u00e9taire vous informera de la dur\u00e9e de conservation correspondante en fonction de la finalit\u00e9. Dans le cas d&rsquo;abonnements, le Propri\u00e9taire examinera p\u00e9riodiquement les listes et \u00e9liminera les enregistrements inactifs pendant une p\u00e9riode consid\u00e9rable.<br \/>\nPrincipe d&rsquo;int\u00e9grit\u00e9 et de confidentialit\u00e9 : Vos donn\u00e9es seront trait\u00e9es de mani\u00e8re \u00e0 garantir leur s\u00e9curit\u00e9, leur confidentialit\u00e9 et leur int\u00e9grit\u00e9.<br \/>\nVous devez savoir que le Propri\u00e9taire prend les pr\u00e9cautions n\u00e9cessaires pour \u00e9viter tout acc\u00e8s non autoris\u00e9 ou toute utilisation inappropri\u00e9e des donn\u00e9es de ses utilisateurs par des tiers.<\/p>\n<p>OBTENTION DE DONN\u00c9ES PERSONNELLES<br \/>\nPour naviguer sur travestisbarcelona.com, il n\u2019est pas n\u00e9cessaire de fournir des donn\u00e9es personnelles. Les cas dans lesquels vous fournissez vos informations personnelles sont les suivants :<\/p>\n<p>Contacter via des formulaires de contact ou en envoyant un e-mail.<br \/>\nLors de la r\u00e9servation via le formulaire de r\u00e9servation ou l&rsquo;envoi d&rsquo;un e-mail.<\/p>\n<p>LES COOKIES QUE NOUS \u00c9TABLISSONS<br \/>\nCookies li\u00e9s aux formulaires<\/p>\n<p>Lorsque vous soumettez des donn\u00e9es via un formulaire tel que ceux trouv\u00e9s sur les pages de contact ou les formulaires de commentaires, des cookies peuvent \u00eatre d\u00e9finis pour m\u00e9moriser vos informations d&rsquo;utilisateur pour une correspondance future.<\/p>\n<p>TES DROITS<br \/>\nLe Propri\u00e9taire vous informe qu&rsquo;en ce qui concerne vos donn\u00e9es personnelles, vous avez le droit de :<\/p>\n<p>Demander l&rsquo;acc\u00e8s aux donn\u00e9es stock\u00e9es.<br \/>\nDemander une rectification ou une annulation.<br \/>\nDemandez la limitation de votre traitement.<br \/>\nS&rsquo;opposer au traitement.<br \/>\nDemandez la portabilit\u00e9 de vos donn\u00e9es.<br \/>\nL&rsquo;exercice de ces droits est personnel et doit donc \u00eatre exerc\u00e9 directement par l&rsquo;int\u00e9ress\u00e9, en le demandant directement au Propri\u00e9taire, de sorte que tout client, abonn\u00e9 ou collaborateur ayant fourni ses donn\u00e9es \u00e0 tout moment peut contacter le Propri\u00e9taire et demander des informations. sur les donn\u00e9es que vous avez stock\u00e9es et comment vous les avez obtenues, demander leur rectification, demander la portabilit\u00e9 de vos donn\u00e9es personnelles, vous opposer au traitement, limiter leur utilisation ou demander l&rsquo;annulation de ces donn\u00e9es des fichiers du Propri\u00e9taire.<\/p>\n<p>Pour exercer vos droits d&rsquo;acc\u00e8s, de rectification, d&rsquo;annulation, de portabilit\u00e9 et d&rsquo;opposition, vous devez envoyer un email \u00e0 info@travestisbarcelona.com accompagn\u00e9 d&rsquo;une preuve l\u00e9galement valable telle qu&rsquo;une photocopie de votre DNI ou \u00e9quivalent.<\/p>\n<p>Vous avez le droit \u00e0 une protection judiciaire efficace et \u00e0 d\u00e9poser une r\u00e9clamation aupr\u00e8s de l&rsquo;autorit\u00e9 de contr\u00f4le, en l&rsquo;occurrence l&rsquo;Agence espagnole de protection des donn\u00e9es, si vous consid\u00e9rez que le traitement des donn\u00e9es personnelles vous concernant viole le r\u00e8glement.<\/p>\n<p>OBJECTIF DU TRAITEMENT DES DONN\u00c9ES PERSONNELLES<br \/>\nLorsque vous vous connectez au Site Web pour envoyer un e-mail au Propri\u00e9taire, vous abonner \u00e0 sa newsletter ou conclure un contrat, vous fournissez des informations personnelles dont le Propri\u00e9taire est responsable. Ces informations peuvent inclure des donn\u00e9es personnelles telles que votre adresse IP, votre nom et pr\u00e9nom, votre adresse physique, votre adresse e-mail, votre num\u00e9ro de t\u00e9l\u00e9phone et d&rsquo;autres informations. En fournissant ces informations, vous consentez \u00e0 ce que vos informations soient collect\u00e9es, utilis\u00e9es, g\u00e9r\u00e9es et stock\u00e9es par travestisbarcelona.com, uniquement comme d\u00e9crit dans les mentions l\u00e9gales et dans la pr\u00e9sente politique de confidentialit\u00e9.<\/p>\n<p>Les donn\u00e9es personnelles et la finalit\u00e9 du traitement par le Propri\u00e9taire sont diff\u00e9rentes selon le syst\u00e8me de capture des informations :<\/p>\n<p>Formulaires de contact : Le Propri\u00e9taire demande des donn\u00e9es personnelles qui peuvent inclure : Nom et pr\u00e9nom, adresse e-mail, num\u00e9ro de t\u00e9l\u00e9phone et adresse du site Internet afin de r\u00e9pondre \u00e0 vos questions.<br \/>\nPar exemple, le Propri\u00e9taire utilise ces donn\u00e9es pour r\u00e9pondre \u00e0 vos messages, doutes, plaintes, commentaires ou pr\u00e9occupations que vous pourriez avoir concernant les informations incluses sur le Site Web, les services fournis via le Site Web, le traitement de vos donn\u00e9es personnelles, les questions concernant le les textes juridiques inclus sur le site Internet, ainsi que toutes autres questions que vous pourriez vous poser et qui ne sont pas soumises aux conditions du site Internet ou du contrat.<\/p>\n<p>\u00e0.<br \/>\nIl existe d&rsquo;autres finalit\u00e9s pour lesquelles le Propri\u00e9taire traite vos donn\u00e9es personnelles\u00a0:<\/p>\n<p>Le Propri\u00e9taire traitera vos donn\u00e9es personnelles afin de g\u00e9rer correctement sa pr\u00e9sence sur le r\u00e9seau social, de vous informer de ses activit\u00e9s, produits ou services, ainsi qu&rsquo;\u00e0 toute autre fin permise par la r\u00e9glementation des r\u00e9seaux sociaux.<\/p>\n<p>En aucun cas le Propri\u00e9taire n&rsquo;utilisera les profils des abonn\u00e9s sur les r\u00e9seaux sociaux pour envoyer des publicit\u00e9s individuellement.<\/p>\n<p>S\u00c9CURIT\u00c9 DES DONN\u00c9ES PERSONNELLES<br \/>\nPour prot\u00e9ger vos donn\u00e9es personnelles, le Propri\u00e9taire prend toutes les pr\u00e9cautions raisonnables et suit les meilleures pratiques de l&rsquo;industrie pour \u00e9viter leur perte, leur utilisation abusive, leur acc\u00e8s inappropri\u00e9, leur divulgation, leur alt\u00e9ration ou leur destruction. Le site Web est h\u00e9berg\u00e9 chez XXXX. La s\u00e9curit\u00e9 de vos donn\u00e9es est garantie, puisque toutes les mesures de s\u00e9curit\u00e9 n\u00e9cessaires sont prises \u00e0 cet effet. Vous pouvez consulter leur politique de confidentialit\u00e9 pour plus d\u2019informations.<\/p>\n<p>CONTENU D&rsquo;AUTRES SITES WEB<br \/>\nLes pages de ce site Web peuvent inclure du contenu int\u00e9gr\u00e9 (par exemple des vid\u00e9os, des images, des articles, etc.). Le contenu int\u00e9gr\u00e9 d\u2019autres sites Web se comporte exactement de la m\u00eame mani\u00e8re que si vous aviez visit\u00e9 l\u2019autre site Web. Ces sites Web peuvent collecter des donn\u00e9es sur vous, utiliser des cookies, int\u00e9grer un code de suivi tiers suppl\u00e9mentaire et surveiller votre interaction \u00e0 l&rsquo;aide de ce code.<\/p>\n<p>POLITIQUE DE COOKIES<br \/>\nPour que ce site Web fonctionne correctement, il doit utiliser des cookies, qui sont des informations stock\u00e9es dans votre navigateur Web.<\/p>\n<p>Sur la page Politique de Cookies vous pouvez consulter toutes les informations relatives \u00e0 la politique de collecte, \u00e0 la finalit\u00e9 et au traitement des cookies.<\/p>\n<p>L\u00c9GITIMATION AU TRAITEMENT DE DONN\u00c9ES<br \/>\nLa base juridique du traitement de vos donn\u00e9es est : le consentement.<\/p>\n<p>Pour contacter le propri\u00e9taire, vous abonner \u00e0 une newsletter ou faire des commentaires sur ce site Web, vous devez accepter cette politique de confidentialit\u00e9.<\/p>\n<p>CAT\u00c9GORIES DE DONN\u00c9ES PERSONNELLES<br \/>\nLes cat\u00e9gories de donn\u00e9es personnelles trait\u00e9es par le Propri\u00e9taire sont\u00a0:<\/p>\n<p>CONSERVATION DES DONN\u00c9ES PERSONNELLES<br \/>\nLes donn\u00e9es personnelles que vous fournissez au Propri\u00e9taire seront conserv\u00e9es jusqu&rsquo;\u00e0 ce que vous demandiez leur suppression.<\/p>\n<p>DESTINATAIRES DES DONN\u00c9ES PERSONNELLES<br \/>\nGoogle Analytics utilise des \u00ab cookies \u00bb, qui sont des fichiers texte situ\u00e9s sur votre ordinateur, pour aider le Propri\u00e9taire \u00e0 analyser l&rsquo;utilisation faite par les utilisateurs du Site Web. Les informations g\u00e9n\u00e9r\u00e9es par les cookies concernant votre utilisation du Site Internet (y compris votre adresse IP) seront directement transmises et stock\u00e9es par Google sur des serveurs aux \u00c9tats-Unis.<\/p>\n<p>Vous pouvez \u00e9galement consulter une liste des types de cookies utilis\u00e9s par Google et ses collaborateurs et toutes les informations relatives \u00e0 leur utilisation de cookies publicitaires.<\/p>\n<p>NAVEGATION WEB<br \/>\nLors de votre navigation sur travestisbarcelona.com, des donn\u00e9es non identifiantes peuvent \u00eatre collect\u00e9es, qui peuvent inclure l&rsquo;adresse IP, la g\u00e9olocalisation, un enregistrement d&rsquo;utilisation des services et des sites, les habitudes de navigation et d&rsquo;autres donn\u00e9es qui ne peuvent pas \u00eatre utilis\u00e9es pour vous identifier.<\/p>\n<p>Le site Web utilise les services d&rsquo;analyse tiers suivants\u00a0:<\/p>\n<p>Le Propri\u00e9taire utilise les informations obtenues pour obtenir des donn\u00e9es statistiques, analyser les tendances, administrer le site, \u00e9tudier les mod\u00e8les de navigation et collecter des informations d\u00e9mographiques.<\/p>\n<p>EXACTITUDE ET EXACTITUDE DES DONN\u00c9ES PERSONNELLES<br \/>\nVous vous engagez \u00e0 garantir que les donn\u00e9es fournies au Propri\u00e9taire sont correctes, compl\u00e8tes, exactes et \u00e0 jour, ainsi qu&rsquo;\u00e0 les maintenir d\u00fbment mises \u00e0 jour.<\/p>\n<p>En tant qu&rsquo;utilisateur du site Web, vous \u00eates seul responsable de la v\u00e9racit\u00e9 et de l&rsquo;exactitude des donn\u00e9es que vous envoyez au site, exon\u00e9rant le propri\u00e9taire de toute responsabilit\u00e9 \u00e0 cet \u00e9gard.<\/p>\n<p>ACCEPTATION ET CONSENTEMENT<br \/>\nEn tant qu&rsquo;utilisateur du site Web, vous d\u00e9clarez avoir \u00e9t\u00e9 inform\u00e9 des conditions relatives \u00e0 la protection des donn\u00e9es personnelles, et vous acceptez et consentez au traitement de celles-ci par le propri\u00e9taire de la mani\u00e8re et aux fins indiqu\u00e9es dans la pr\u00e9sente politique de confidentialit\u00e9.<\/p>\n<p>ACCEPTATION ET CONSENTEMENT<br \/>\nPour exercer vos droits d&rsquo;acc\u00e8s, de rectification, d&rsquo;annulation, de portabilit\u00e9 et d&rsquo;opposition, vous devez envoyer un email \u00e0 info@travestisbarcelona.com accompagn\u00e9 d&rsquo;une preuve l\u00e9galement valable telle qu&rsquo;une photocopie de votre DNI ou \u00e9quivalent.<\/p>\n<p>L&rsquo;exercice de vos droits n&rsquo;inclut aucune donn\u00e9e que le Propri\u00e9taire est tenu de conserver \u00e0 des fins administratives, juridiques ou de s\u00e9curit\u00e9.<\/p>\n<p>CHANGEMENTS DANS LA POLITIQUE DE CONFIDENTIALIT\u00c9<br \/>\nLe Propri\u00e9taire se r\u00e9serve le droit de modifier cette Politique de Confidentialit\u00e9 pour l&rsquo;adapter aux \u00e9volutions l\u00e9gislatives ou jurisprudentielles, ainsi qu&rsquo;aux pratiques de l&rsquo;industrie.<\/p>\n<p>Ces politiques seront en vigueur jusqu&rsquo;\u00e0 ce qu&rsquo;elles soient modifi\u00e9es par d&rsquo;autres d\u00fbment publi\u00e9es.<\/p>\n<p>Garantir le respect des conditions incluses dans les mentions l\u00e9gales et la l\u00e9gislation applicable. Cela peut inclure le d\u00e9veloppement d&rsquo;outils et d&rsquo;algorithmes qui aident ce site Web \u00e0 garantir la confidentialit\u00e9 des donn\u00e9es personnelles qu&rsquo;il collecte.<br \/>\nPour soutenir et am\u00e9liorer les services offerts par cee site Web.<br \/>\nAnalyser la navigation.<br \/>\nLe Propri\u00e9taire collecte d&rsquo;autres donn\u00e9es non identifiantes obtenues gr\u00e2ce \u00e0 l&rsquo;utilisation de cookies t\u00e9l\u00e9charg\u00e9s sur votre ordinateur lorsque vous naviguez sur le site Web dont les caract\u00e9ristiques et la finalit\u00e9 sont d\u00e9taill\u00e9es dans la Politique de Cookies. Pour g\u00e9rer les r\u00e9seaux sociaux. Si vous devenez un abonn\u00e9 sur les r\u00e9seaux sociaux du Propri\u00e9taire, le traitement des donn\u00e9es personnelles sera r\u00e9gi par cette section, ainsi que par les conditions d&rsquo;utilisation, les politiques de confidentialit\u00e9 et les r\u00e8gles d&rsquo;acc\u00e8s appartenant au r\u00e9seau social applicables dans chaque cas et que vous avez pr\u00e9alablement accept\u00e9.<br \/>\nDonn\u00e9es d&rsquo;identification<br \/>\nGoogle Analytics est un service d&rsquo;analyse Web fourni par Google, Inc., une soci\u00e9t\u00e9 du Delaware dont le si\u00e8ge social est situ\u00e9 au 1600 Amphitheatre Parkway, Mountain View (Californie), CA 94043, \u00c9tats-Unis (\u00ab Google \u00bb). Vous trouverez plus d&rsquo;informations sur\u00a0: https:\/\/analytics.google.com<br \/>\nGoogle Analytics<\/p>\n","protected":false},"excerpt":{"rendered":"<p>Politique de confidentialit\u00e9 IDENTIT\u00c9 DU RESPONSABLE Titre\u00a0: xxxxx NIF\/CIF\u00a0: xxxxxx Adresse\u00a0: xxxxx E-mail : info@travestisbarcelona.com Web\u00a0: https:\/\/travestisbarcelona.com\/ PRINCIPES APPLIQU\u00c9S AU TRAITEMENT DES DONN\u00c9ES Dans le traitement de vos donn\u00e9es personnelles, le Propri\u00e9taire appliquera les principes suivants, conformes aux exigences du nouveau r\u00e8glement europ\u00e9en sur la protection des donn\u00e9es : Principe de l\u00e9galit\u00e9, de loyaut\u00e9 et&#8230;<\/p>\n","protected":false},"author":1,"featured_media":0,"parent":0,"menu_order":0,"comment_status":"closed","ping_status":"closed","template":"","meta":{"footnotes":""},"class_list":["post-846","page","type-page","status-publish","hentry"],"yoast_head":"<!-- This site is optimized with the Yoast SEO plugin v24.8.1 - https:\/\/yoast.com\/wordpress\/plugins\/seo\/ -->\n<title>Politique de confidentialit\u00e9 - TravestisBarcelona.com<\/title>\n<meta name=\"robots\" content=\"noindex, follow\" \/>\n<meta property=\"og:locale\" content=\"fr_FR\" \/>\n<meta property=\"og:type\" content=\"article\" \/>\n<meta property=\"og:title\" content=\"Politique de confidentialit\u00e9 - TravestisBarcelona.com\" \/>\n<meta property=\"og:description\" content=\"Politique de confidentialit\u00e9 IDENTIT\u00c9 DU RESPONSABLE Titre\u00a0: xxxxx NIF\/CIF\u00a0: xxxxxx Adresse\u00a0: xxxxx E-mail : info@travestisbarcelona.com Web\u00a0: https:\/\/travestisbarcelona.com\/ PRINCIPES APPLIQU\u00c9S AU TRAITEMENT DES DONN\u00c9ES Dans le traitement de vos donn\u00e9es personnelles, le Propri\u00e9taire appliquera les principes suivants, conformes aux exigences du nouveau r\u00e8glement europ\u00e9en sur la protection des donn\u00e9es : Principe de l\u00e9galit\u00e9, de loyaut\u00e9 et...\" \/>\n<meta property=\"og:url\" content=\"https:\/\/travestisbarcelona.com\/fr\/politique-de-confidentialite\/\" \/>\n<meta property=\"og:site_name\" content=\"TravestisBarcelona.com\" \/>\n<meta property=\"article:modified_time\" content=\"2023-10-27T14:48:11+00:00\" \/>\n<meta property=\"og:image\" content=\"https:\/\/travestisbarcelona.com\/wp-content\/uploads\/2023\/03\/Travesits-bcn.jpg\" \/>\n\t<meta property=\"og:image:width\" content=\"1400\" \/>\n\t<meta property=\"og:image:height\" content=\"933\" \/>\n\t<meta property=\"og:image:type\" content=\"image\/jpeg\" \/>\n<meta name=\"twitter:card\" content=\"summary_large_image\" \/>\n<meta name=\"twitter:label1\" content=\"Dur\u00e9e de lecture estim\u00e9e\" \/>\n\t<meta name=\"twitter:data1\" content=\"8 minutes\" \/>\n<script type=\"application\/ld+json\" class=\"yoast-schema-graph\">{\"@context\":\"https:\/\/schema.org\",\"@graph\":[{\"@type\":\"WebPage\",\"@id\":\"https:\/\/travestisbarcelona.com\/fr\/politique-de-confidentialite\/\",\"url\":\"https:\/\/travestisbarcelona.com\/fr\/politique-de-confidentialite\/\",\"name\":\"Politique de confidentialit\u00e9 - TravestisBarcelona.com\",\"isPartOf\":{\"@id\":\"https:\/\/travestisbarcelona.com\/fr\/#website\"},\"datePublished\":\"2023-03-30T09:22:46+00:00\",\"dateModified\":\"2023-10-27T14:48:11+00:00\",\"breadcrumb\":{\"@id\":\"https:\/\/travestisbarcelona.com\/fr\/politique-de-confidentialite\/#breadcrumb\"},\"inLanguage\":\"fr-FR\",\"potentialAction\":[{\"@type\":\"ReadAction\",\"target\":[\"https:\/\/travestisbarcelona.com\/fr\/politique-de-confidentialite\/\"]}]},{\"@type\":\"BreadcrumbList\",\"@id\":\"https:\/\/travestisbarcelona.com\/fr\/politique-de-confidentialite\/#breadcrumb\",\"itemListElement\":[{\"@type\":\"ListItem\",\"position\":1,\"name\":\"Portada\",\"item\":\"https:\/\/travestisbarcelona.com\/fr\/\"},{\"@type\":\"ListItem\",\"position\":2,\"name\":\"Politique de confidentialit\u00e9\"}]},{\"@type\":\"WebSite\",\"@id\":\"https:\/\/travestisbarcelona.com\/fr\/#website\",\"url\":\"https:\/\/travestisbarcelona.com\/fr\/\",\"name\":\"TravestisBarcelona.com\",\"description\":\"Travestis Barcelona\",\"publisher\":{\"@id\":\"https:\/\/travestisbarcelona.com\/fr\/#organization\"},\"alternateName\":\"Travestis Barcelona\",\"potentialAction\":[{\"@type\":\"SearchAction\",\"target\":{\"@type\":\"EntryPoint\",\"urlTemplate\":\"https:\/\/travestisbarcelona.com\/fr\/?s={search_term_string}\"},\"query-input\":{\"@type\":\"PropertyValueSpecification\",\"valueRequired\":true,\"valueName\":\"search_term_string\"}}],\"inLanguage\":\"fr-FR\"},{\"@type\":\"Organization\",\"@id\":\"https:\/\/travestisbarcelona.com\/fr\/#organization\",\"name\":\"TravestisBarcelona.com\",\"alternateName\":\"Travestis Barcelona\",\"url\":\"https:\/\/travestisbarcelona.com\/fr\/\",\"logo\":{\"@type\":\"ImageObject\",\"inLanguage\":\"fr-FR\",\"@id\":\"https:\/\/travestisbarcelona.com\/fr\/#\/schema\/logo\/image\/\",\"url\":\"https:\/\/travestisbarcelona.com\/wp-content\/uploads\/2023\/03\/travestis-barcelona.png\",\"contentUrl\":\"https:\/\/travestisbarcelona.com\/wp-content\/uploads\/2023\/03\/travestis-barcelona.png\",\"width\":500,\"height\":78,\"caption\":\"TravestisBarcelona.com\"},\"image\":{\"@id\":\"https:\/\/travestisbarcelona.com\/fr\/#\/schema\/logo\/image\/\"}}]}<\/script>\n<!-- \/ Yoast SEO plugin. -->","yoast_head_json":{"title":"Politique de confidentialit\u00e9 - TravestisBarcelona.com","robots":{"index":"noindex","follow":"follow"},"og_locale":"fr_FR","og_type":"article","og_title":"Politique de confidentialit\u00e9 - TravestisBarcelona.com","og_description":"Politique de confidentialit\u00e9 IDENTIT\u00c9 DU RESPONSABLE Titre\u00a0: xxxxx NIF\/CIF\u00a0: xxxxxx Adresse\u00a0: xxxxx E-mail : info@travestisbarcelona.com Web\u00a0: https:\/\/travestisbarcelona.com\/ PRINCIPES APPLIQU\u00c9S AU TRAITEMENT DES DONN\u00c9ES Dans le traitement de vos donn\u00e9es personnelles, le Propri\u00e9taire appliquera les principes suivants, conformes aux exigences du nouveau r\u00e8glement europ\u00e9en sur la protection des donn\u00e9es : Principe de l\u00e9galit\u00e9, de loyaut\u00e9 et...","og_url":"https:\/\/travestisbarcelona.com\/fr\/politique-de-confidentialite\/","og_site_name":"TravestisBarcelona.com","article_modified_time":"2023-10-27T14:48:11+00:00","og_image":[{"width":1400,"height":933,"url":"https:\/\/travestisbarcelona.com\/wp-content\/uploads\/2023\/03\/Travesits-bcn.jpg","type":"image\/jpeg"}],"twitter_card":"summary_large_image","twitter_misc":{"Dur\u00e9e de lecture estim\u00e9e":"8 minutes"},"schema":{"@context":"https:\/\/schema.org","@graph":[{"@type":"WebPage","@id":"https:\/\/travestisbarcelona.com\/fr\/politique-de-confidentialite\/","url":"https:\/\/travestisbarcelona.com\/fr\/politique-de-confidentialite\/","name":"Politique de confidentialit\u00e9 - TravestisBarcelona.com","isPartOf":{"@id":"https:\/\/travestisbarcelona.com\/fr\/#website"},"datePublished":"2023-03-30T09:22:46+00:00","dateModified":"2023-10-27T14:48:11+00:00","breadcrumb":{"@id":"https:\/\/travestisbarcelona.com\/fr\/politique-de-confidentialite\/#breadcrumb"},"inLanguage":"fr-FR","potentialAction":[{"@type":"ReadAction","target":["https:\/\/travestisbarcelona.com\/fr\/politique-de-confidentialite\/"]}]},{"@type":"BreadcrumbList","@id":"https:\/\/travestisbarcelona.com\/fr\/politique-de-confidentialite\/#breadcrumb","itemListElement":[{"@type":"ListItem","position":1,"name":"Portada","item":"https:\/\/travestisbarcelona.com\/fr\/"},{"@type":"ListItem","position":2,"name":"Politique de confidentialit\u00e9"}]},{"@type":"WebSite","@id":"https:\/\/travestisbarcelona.com\/fr\/#website","url":"https:\/\/travestisbarcelona.com\/fr\/","name":"TravestisBarcelona.com","description":"Travestis Barcelona","publisher":{"@id":"https:\/\/travestisbarcelona.com\/fr\/#organization"},"alternateName":"Travestis Barcelona","potentialAction":[{"@type":"SearchAction","target":{"@type":"EntryPoint","urlTemplate":"https:\/\/travestisbarcelona.com\/fr\/?s={search_term_string}"},"query-input":{"@type":"PropertyValueSpecification","valueRequired":true,"valueName":"search_term_string"}}],"inLanguage":"fr-FR"},{"@type":"Organization","@id":"https:\/\/travestisbarcelona.com\/fr\/#organization","name":"TravestisBarcelona.com","alternateName":"Travestis Barcelona","url":"https:\/\/travestisbarcelona.com\/fr\/","logo":{"@type":"ImageObject","inLanguage":"fr-FR","@id":"https:\/\/travestisbarcelona.com\/fr\/#\/schema\/logo\/image\/","url":"https:\/\/travestisbarcelona.com\/wp-content\/uploads\/2023\/03\/travestis-barcelona.png","contentUrl":"https:\/\/travestisbarcelona.com\/wp-content\/uploads\/2023\/03\/travestis-barcelona.png","width":500,"height":78,"caption":"TravestisBarcelona.com"},"image":{"@id":"https:\/\/travestisbarcelona.com\/fr\/#\/schema\/logo\/image\/"}}]}},"_links":{"self":[{"href":"https:\/\/travestisbarcelona.com\/fr\/wp-json\/wp\/v2\/pages\/846","targetHints":{"allow":["GET"]}}],"collection":[{"href":"https:\/\/travestisbarcelona.com\/fr\/wp-json\/wp\/v2\/pages"}],"about":[{"href":"https:\/\/travestisbarcelona.com\/fr\/wp-json\/wp\/v2\/types\/page"}],"author":[{"embeddable":true,"href":"https:\/\/travestisbarcelona.com\/fr\/wp-json\/wp\/v2\/users\/1"}],"replies":[{"embeddable":true,"href":"https:\/\/travestisbarcelona.com\/fr\/wp-json\/wp\/v2\/comments?post=846"}],"version-history":[{"count":2,"href":"https:\/\/travestisbarcelona.com\/fr\/wp-json\/wp\/v2\/pages\/846\/revisions"}],"predecessor-version":[{"id":3445,"href":"https:\/\/travestisbarcelona.com\/fr\/wp-json\/wp\/v2\/pages\/846\/revisions\/3445"}],"wp:attachment":[{"href":"https:\/\/travestisbarcelona.com\/fr\/wp-json\/wp\/v2\/media?parent=846"}],"curies":[{"name":"wp","href":"https:\/\/api.w.org\/{rel}","templated":true}]}}