{"id":848,"date":"2023-03-30T09:23:39","date_gmt":"2023-03-30T09:23:39","guid":{"rendered":"https:\/\/travestisbarcelona.com\/nota-legale\/"},"modified":"2023-10-27T14:24:10","modified_gmt":"2023-10-27T14:24:10","slug":"nota-legale","status":"publish","type":"page","link":"https:\/\/travestisbarcelona.com\/it\/nota-legale\/","title":{"rendered":"Nota legale"},"content":{"rendered":"<h1>Nota legale<\/h1>\n<p>1. TITOLARE DEL SITO E DATI DI CONTATTO<br \/>\nwww.travestisbarcelona.com \u00e8 un dominio Internet di propriet\u00e0 di xxxxx. (di seguito, la Societ\u00e0) con CIF\/NIF xxxxx e indirizzo in C\/ xxxxxxx CP BARCELONA.<\/p>\n<p>Lo scopo del sito \u00e8 quello di pubblicizzare i servizi forniti dall&#8217;azienda e costituire uno strumento di contatto per i collaboratori ed i loro clienti.<\/p>\n<p>Puoi contattarci:<\/p>\n<p>\u2013 Via email, scrivendo a info@travestisbarcelona.com<\/p>\n<p>\u2013 Per iscritto, indirizzato a C\/ xxxxx CP BARCELONA.<\/p>\n<p>Per qualsiasi chiarimento non esitate a contattarci.<\/p>\n<p>2. CONDIZIONI DI UTILIZZO DEL SITO<br \/>\nLe presenti condizioni d&#8217;uso regolano l&#8217;accesso a questo sito web da parte dei clienti della Societ\u00e0 e di altri utenti di Internet. Utilizzando semplicemente questo sito web, l&#8217;utente esprime la sua accettazione senza riserve delle presenti condizioni d&#8217;uso.<\/p>\n<p>La Societ\u00e0 si riserva il diritto unilaterale di modificare le presenti condizioni di accesso al sito web, nonch\u00e9 il contenuto in esso incluso.<\/p>\n<p>3. LIMITAZIONE ED ESCLUSIONE DI RESPONSABILIT\u00c0<br \/>\nIl contenuto di questo sito \u00e8 di carattere generale e ha scopi ed effetti esclusivamente informativi. La Societ\u00e0 declina ogni responsabilit\u00e0 per qualsiasi informazione non predisposta dalla stessa o pubblicata a suo nome in modo da essa non autorizzato, nonch\u00e9 ogni responsabilit\u00e0 derivante dall&#8217;uso improprio da parte di terzi dei contenuti.<\/p>\n<p>L&#8217;utente esonera la Societ\u00e0 da qualsiasi responsabilit\u00e0 che possa derivare da interruzioni nella disponibilit\u00e0 del sito web, siano esse dovute a un malfunzionamento del server web o delle applicazioni, dell&#8217;infrastruttura di comunicazione o del software e dell&#8217;hardware utilizzati per la navigazione.<\/p>\n<p>Nel caso in cui vengano inseriti collegamenti ad altre pagine web, declina ogni responsabilit\u00e0 derivante dall&#8217;accesso e dall&#8217;utilizzo di detti collegamenti.<\/p>\n<p>4. PROPRIET\u00c0 INTELLETTUALE E INDUSTRIALE<br \/>\nL&#8217;intero sito web \u00e8 protetto dalle leggi sulla propriet\u00e0 intellettuale e industriale. Salvo diversa indicazione, i diritti di propriet\u00e0 intellettuale su questi contenuti appartengono esclusivamente alla Societ\u00e0. L&#8217;utente riconosce che l&#8217;utilizzo dei contenuti \u00e8 strettamente limitato ai fini personali dell&#8217;utente e che la riproduzione, distribuzione, comunicazione o trasformazione di tali opere non espressamente autorizzate costituisce una violazione dei diritti di propriet\u00e0 intellettuale.<\/p>\n<p>Allo stesso modo, l&#8217;utente si asterr\u00e0 dall&#8217;utilizzare i contenuti e, in particolare, le informazioni di qualsiasi tipo ottenute attraverso il sito web per inviare pubblicit\u00e0, comunicazioni a fini di vendita diretta o con qualsiasi altro tipo di scopo commerciale, messaggi non richiesti diretti a una pluralit\u00e0 di persone indipendentemente dal loro scopo. Allo stesso modo, si asterr\u00e0 dal commercializzare o divulgare tali informazioni in qualsiasi modo.<\/p>\n<p>www.travestisbarcelona.com \u00e8 un dominio della Societ\u00e0. Non pu\u00f2 essere utilizzato, se non espressamente e previa autorizzazione, in connessione con altri prodotti o servizi che non provengono dalla Societ\u00e0 o in qualsiasi modo che possa causare confusione tra i nostri clienti o screditare la Societ\u00e0.<\/p>\n<p>5. POLITICA DI LINK A QUESTO SITO WEB<br \/>\nSe qualsiasi utente, entit\u00e0 o pagina web desidera stabilire qualsiasi tipo di collegamento a questo sito web, dovr\u00e0 richiedere l&#8217;autorizzazione prima di creare il collegamento e per iscritto.<\/p>\n<p>Inoltre, puoi collegarti solo alla home page del sito web. Il collegamento deve essere assoluto e completo, ovvero deve condurre l&#8217;utente all&#8217;indirizzo stesso, coprendo completamente l&#8217;estensione dello schermo della pagina contenente il collegamento. In nessun caso, salvo espressa autorizzazione scritta della Societ\u00e0, la pagina che effettua il collegamento pu\u00f2 riprodurre in alcun modo il sito Web della Societ\u00e0, includerlo come parte del suo sito Web o all&#8217;interno di uno dei suoi frame in qualsiasi pagina o contenuto. di questo sito web.<\/p>\n<p>Nessuna dichiarazione falsa, inesatta o inesatta verr\u00e0 inserita in merito alle pagine di questo sito o ai servizi ivi offerti.<\/p>\n<p>Il collegamento non conterr\u00e0 alcun marchio, denominazione commerciale, insegna di stabilimento, nome, logo, slogan o altri segni distintivi appartenenti a<\/p>\n<p>In nessun caso sar\u00e0 responsabile dei contenuti o dei servizi messi a disposizione del pubblico sul sito web dal quale viene effettuato il collegamento ipertestuale o delle informazioni o dichiarazioni in esso contenute.<\/p>\n<p>6. PROTEZIONE DEI DATI PERSONALI<br \/>\nL&#8217;uso di questo sito web e dei suoi moduli presuppone l&#8217;accettazione del trattamento dei dati dell&#8217;utente in conformit\u00e0 con la nostra politica sulla privacy, compresa la raccolta dei dati di accesso e l&#8217;invio di informazioni commerciali per via elettronica.<\/p>\n<p>Ti invitiamo a leggere attentamente la nostra politica sulla privacy per sapere come utilizziamo i dati degli utenti e come esercitare i tuoi diritti di accesso, rettifica, cancellazione, opposizione e altri diritti.<\/p>\n<p>7. COOKIE<br \/>\nQuesto sito utilizza cookie professionalipia e terze parti per vari scopi, tra cui analisi e pubblicit\u00e0 su misura per gli interessi dell&#8217;utente. Il semplice utilizzo di questo sito Web con i cookie attivati \u200b\u200bnel browser implica l&#8217;accettazione del suo trattamento in conformit\u00e0 con la nostra politica sui cookie.<\/p>\n<p>Ti invitiamo a leggere attentamente la nostra cookie policy per conoscere le tipologie di cookie utilizzati e come bloccarli ed eliminarli nel tuo browser.<\/p>\n<p>8. PREVALENZA DELLA VERSIONE SPAGNOLA<br \/>\nSe la presente nota legale viene tradotta in altre lingue, in caso di discrepanza, prevarr\u00e0 la versione spagnola.<\/p>\n<p>9. LEGGE APPLICABILE E GIURISDIZIONE<br \/>\nIl presente Avviso Legale, cos\u00ec come il rapporto tra utenti e utenti, sar\u00e0 regolato dalla legislazione spagnola vigente e qualsiasi controversia sar\u00e0 sottoposta alle Corti e ai Tribunali di BARCELLONA, tranne nel caso di consumatori e utenti, dove si applicher\u00e0 la giurisdizione obbligatoria. dei tribunali che corrispondono al tuo domicilio.<\/p>\n","protected":false},"excerpt":{"rendered":"<p>Nota legale 1. TITOLARE DEL SITO E DATI DI CONTATTO www.travestisbarcelona.com \u00e8 un dominio Internet di propriet\u00e0 di xxxxx. (di seguito, la Societ\u00e0) con CIF\/NIF xxxxx e indirizzo in C\/ xxxxxxx CP BARCELONA. Lo scopo del sito \u00e8 quello di pubblicizzare i servizi forniti dall&#8217;azienda e costituire uno strumento di contatto per i collaboratori ed&#8230;<\/p>\n","protected":false},"author":1,"featured_media":0,"parent":0,"menu_order":0,"comment_status":"closed","ping_status":"closed","template":"","meta":{"footnotes":""},"class_list":["post-848","page","type-page","status-publish","hentry"],"yoast_head":"<!-- This site is optimized with the Yoast SEO plugin v24.8.1 - https:\/\/yoast.com\/wordpress\/plugins\/seo\/ -->\n<title>Nota legale - TravestisBarcelona.com<\/title>\n<meta name=\"robots\" content=\"noindex, follow\" \/>\n<meta property=\"og:locale\" content=\"it_IT\" \/>\n<meta property=\"og:type\" content=\"article\" \/>\n<meta property=\"og:title\" content=\"Nota legale - TravestisBarcelona.com\" \/>\n<meta property=\"og:description\" content=\"Nota legale 1. TITOLARE DEL SITO E DATI DI CONTATTO www.travestisbarcelona.com \u00e8 un dominio Internet di propriet\u00e0 di xxxxx. (di seguito, la Societ\u00e0) con CIF\/NIF xxxxx e indirizzo in C\/ xxxxxxx CP BARCELONA. Lo scopo del sito \u00e8 quello di pubblicizzare i servizi forniti dall&#8217;azienda e costituire uno strumento di contatto per i collaboratori ed...\" \/>\n<meta property=\"og:url\" content=\"https:\/\/travestisbarcelona.com\/it\/nota-legale\/\" \/>\n<meta property=\"og:site_name\" content=\"TravestisBarcelona.com\" \/>\n<meta property=\"article:modified_time\" content=\"2023-10-27T14:24:10+00:00\" \/>\n<meta property=\"og:image\" content=\"https:\/\/travestisbarcelona.com\/wp-content\/uploads\/2023\/03\/Travesits-bcn.jpg\" \/>\n\t<meta property=\"og:image:width\" content=\"1400\" \/>\n\t<meta property=\"og:image:height\" content=\"933\" \/>\n\t<meta property=\"og:image:type\" content=\"image\/jpeg\" \/>\n<meta name=\"twitter:card\" content=\"summary_large_image\" \/>\n<meta name=\"twitter:label1\" content=\"Tempo di lettura stimato\" \/>\n\t<meta name=\"twitter:data1\" content=\"4 minuti\" \/>\n<script type=\"application\/ld+json\" class=\"yoast-schema-graph\">{\"@context\":\"https:\/\/schema.org\",\"@graph\":[{\"@type\":\"WebPage\",\"@id\":\"https:\/\/travestisbarcelona.com\/it\/nota-legale\/\",\"url\":\"https:\/\/travestisbarcelona.com\/it\/nota-legale\/\",\"name\":\"Nota legale - TravestisBarcelona.com\",\"isPartOf\":{\"@id\":\"https:\/\/travestisbarcelona.com\/it\/#website\"},\"datePublished\":\"2023-03-30T09:23:39+00:00\",\"dateModified\":\"2023-10-27T14:24:10+00:00\",\"breadcrumb\":{\"@id\":\"https:\/\/travestisbarcelona.com\/it\/nota-legale\/#breadcrumb\"},\"inLanguage\":\"it-IT\",\"potentialAction\":[{\"@type\":\"ReadAction\",\"target\":[\"https:\/\/travestisbarcelona.com\/it\/nota-legale\/\"]}]},{\"@type\":\"BreadcrumbList\",\"@id\":\"https:\/\/travestisbarcelona.com\/it\/nota-legale\/#breadcrumb\",\"itemListElement\":[{\"@type\":\"ListItem\",\"position\":1,\"name\":\"Portada\",\"item\":\"https:\/\/travestisbarcelona.com\/it\/\"},{\"@type\":\"ListItem\",\"position\":2,\"name\":\"Nota legale\"}]},{\"@type\":\"WebSite\",\"@id\":\"https:\/\/travestisbarcelona.com\/it\/#website\",\"url\":\"https:\/\/travestisbarcelona.com\/it\/\",\"name\":\"TravestisBarcelona.com\",\"description\":\"Travestis Barcelona\",\"publisher\":{\"@id\":\"https:\/\/travestisbarcelona.com\/it\/#organization\"},\"alternateName\":\"Travestis Barcelona\",\"potentialAction\":[{\"@type\":\"SearchAction\",\"target\":{\"@type\":\"EntryPoint\",\"urlTemplate\":\"https:\/\/travestisbarcelona.com\/it\/?s={search_term_string}\"},\"query-input\":{\"@type\":\"PropertyValueSpecification\",\"valueRequired\":true,\"valueName\":\"search_term_string\"}}],\"inLanguage\":\"it-IT\"},{\"@type\":\"Organization\",\"@id\":\"https:\/\/travestisbarcelona.com\/it\/#organization\",\"name\":\"TravestisBarcelona.com\",\"alternateName\":\"Travestis Barcelona\",\"url\":\"https:\/\/travestisbarcelona.com\/it\/\",\"logo\":{\"@type\":\"ImageObject\",\"inLanguage\":\"it-IT\",\"@id\":\"https:\/\/travestisbarcelona.com\/it\/#\/schema\/logo\/image\/\",\"url\":\"https:\/\/travestisbarcelona.com\/wp-content\/uploads\/2023\/03\/travestis-barcelona.png\",\"contentUrl\":\"https:\/\/travestisbarcelona.com\/wp-content\/uploads\/2023\/03\/travestis-barcelona.png\",\"width\":500,\"height\":78,\"caption\":\"TravestisBarcelona.com\"},\"image\":{\"@id\":\"https:\/\/travestisbarcelona.com\/it\/#\/schema\/logo\/image\/\"}}]}<\/script>\n<!-- \/ Yoast SEO plugin. -->","yoast_head_json":{"title":"Nota legale - TravestisBarcelona.com","robots":{"index":"noindex","follow":"follow"},"og_locale":"it_IT","og_type":"article","og_title":"Nota legale - TravestisBarcelona.com","og_description":"Nota legale 1. TITOLARE DEL SITO E DATI DI CONTATTO www.travestisbarcelona.com \u00e8 un dominio Internet di propriet\u00e0 di xxxxx. (di seguito, la Societ\u00e0) con CIF\/NIF xxxxx e indirizzo in C\/ xxxxxxx CP BARCELONA. Lo scopo del sito \u00e8 quello di pubblicizzare i servizi forniti dall&#8217;azienda e costituire uno strumento di contatto per i collaboratori ed...","og_url":"https:\/\/travestisbarcelona.com\/it\/nota-legale\/","og_site_name":"TravestisBarcelona.com","article_modified_time":"2023-10-27T14:24:10+00:00","og_image":[{"width":1400,"height":933,"url":"https:\/\/travestisbarcelona.com\/wp-content\/uploads\/2023\/03\/Travesits-bcn.jpg","type":"image\/jpeg"}],"twitter_card":"summary_large_image","twitter_misc":{"Tempo di lettura stimato":"4 minuti"},"schema":{"@context":"https:\/\/schema.org","@graph":[{"@type":"WebPage","@id":"https:\/\/travestisbarcelona.com\/it\/nota-legale\/","url":"https:\/\/travestisbarcelona.com\/it\/nota-legale\/","name":"Nota legale - TravestisBarcelona.com","isPartOf":{"@id":"https:\/\/travestisbarcelona.com\/it\/#website"},"datePublished":"2023-03-30T09:23:39+00:00","dateModified":"2023-10-27T14:24:10+00:00","breadcrumb":{"@id":"https:\/\/travestisbarcelona.com\/it\/nota-legale\/#breadcrumb"},"inLanguage":"it-IT","potentialAction":[{"@type":"ReadAction","target":["https:\/\/travestisbarcelona.com\/it\/nota-legale\/"]}]},{"@type":"BreadcrumbList","@id":"https:\/\/travestisbarcelona.com\/it\/nota-legale\/#breadcrumb","itemListElement":[{"@type":"ListItem","position":1,"name":"Portada","item":"https:\/\/travestisbarcelona.com\/it\/"},{"@type":"ListItem","position":2,"name":"Nota legale"}]},{"@type":"WebSite","@id":"https:\/\/travestisbarcelona.com\/it\/#website","url":"https:\/\/travestisbarcelona.com\/it\/","name":"TravestisBarcelona.com","description":"Travestis Barcelona","publisher":{"@id":"https:\/\/travestisbarcelona.com\/it\/#organization"},"alternateName":"Travestis Barcelona","potentialAction":[{"@type":"SearchAction","target":{"@type":"EntryPoint","urlTemplate":"https:\/\/travestisbarcelona.com\/it\/?s={search_term_string}"},"query-input":{"@type":"PropertyValueSpecification","valueRequired":true,"valueName":"search_term_string"}}],"inLanguage":"it-IT"},{"@type":"Organization","@id":"https:\/\/travestisbarcelona.com\/it\/#organization","name":"TravestisBarcelona.com","alternateName":"Travestis Barcelona","url":"https:\/\/travestisbarcelona.com\/it\/","logo":{"@type":"ImageObject","inLanguage":"it-IT","@id":"https:\/\/travestisbarcelona.com\/it\/#\/schema\/logo\/image\/","url":"https:\/\/travestisbarcelona.com\/wp-content\/uploads\/2023\/03\/travestis-barcelona.png","contentUrl":"https:\/\/travestisbarcelona.com\/wp-content\/uploads\/2023\/03\/travestis-barcelona.png","width":500,"height":78,"caption":"TravestisBarcelona.com"},"image":{"@id":"https:\/\/travestisbarcelona.com\/it\/#\/schema\/logo\/image\/"}}]}},"_links":{"self":[{"href":"https:\/\/travestisbarcelona.com\/it\/wp-json\/wp\/v2\/pages\/848","targetHints":{"allow":["GET"]}}],"collection":[{"href":"https:\/\/travestisbarcelona.com\/it\/wp-json\/wp\/v2\/pages"}],"about":[{"href":"https:\/\/travestisbarcelona.com\/it\/wp-json\/wp\/v2\/types\/page"}],"author":[{"embeddable":true,"href":"https:\/\/travestisbarcelona.com\/it\/wp-json\/wp\/v2\/users\/1"}],"replies":[{"embeddable":true,"href":"https:\/\/travestisbarcelona.com\/it\/wp-json\/wp\/v2\/comments?post=848"}],"version-history":[{"count":1,"href":"https:\/\/travestisbarcelona.com\/it\/wp-json\/wp\/v2\/pages\/848\/revisions"}],"predecessor-version":[{"id":3439,"href":"https:\/\/travestisbarcelona.com\/it\/wp-json\/wp\/v2\/pages\/848\/revisions\/3439"}],"wp:attachment":[{"href":"https:\/\/travestisbarcelona.com\/it\/wp-json\/wp\/v2\/media?parent=848"}],"curies":[{"name":"wp","href":"https:\/\/api.w.org\/{rel}","templated":true}]}}