{"id":851,"date":"2023-03-22T14:08:51","date_gmt":"2023-03-22T14:08:51","guid":{"rendered":"https:\/\/travestisbarcelona.com\/prenotazione\/"},"modified":"2023-10-27T14:20:23","modified_gmt":"2023-10-27T14:20:23","slug":"prenotazione","status":"publish","type":"page","link":"https:\/\/travestisbarcelona.com\/it\/prenotazione\/","title":{"rendered":"Prenotazione"},"content":{"rendered":"<section class=\"l-section wpb_row height_huge full_height valign_center with_img parallax_ver parallax_xpos_right with_shape\"><div class=\"l-section-img\" role=\"img\" data-img-width=\"1400\" data-img-height=\"933\" style=\"background-image: url(https:\/\/travestisbarcelona.com\/wp-content\/uploads\/2023\/03\/trans-bcn.jpg);background-position: center right;\"><\/div><div class=\"l-section-overlay\" style=\"background:rgba(26,26,26,0.80)\"><\/div><div class=\"l-section-shape type_curve pos_bottom\" style=\"height:15vmin;\"><svg xmlns=\"http:\/\/www.w3.org\/2000\/svg\" viewBox=\"0 0 64 8\" preserveAspectRatio=\"none\" width=\"100%\" height=\"100%\">\r\n\t<path fill=\"currentColor\" d=\"M64 8 L64 0 Q32 15.8 0 0 L0 8 Z\"\/>\r\n<\/svg><\/div><div class=\"l-section-h i-cf\"><div class=\"g-cols vc_row via_grid cols_1 laptops-cols_inherit tablets-cols_inherit mobiles-cols_1 valign_top type_default stacking_default\"><div class=\"wpb_column vc_column_container\"><div class=\"vc_column-inner\"><div class=\"wpb_text_column\" id=\"1\"><div class=\"wpb_wrapper\"><h1 style=\"text-align: center;\"><span style=\"color: #fe4666;\"><strong>Prenotazione<\/strong><\/span><\/h1>\n<\/div><\/div><div class=\"w-separator size_custom\" style=\"height:40px\" id=\"a3b0\"><style><\/style><\/div><div class=\"wpb_text_column\" id=\"1\"><div class=\"wpb_wrapper\"><p style=\"text-align: center;\">Siamo esperti nel mantenere la discrezione nelle prenotazioni per i nostri clienti, proteggendo il loro anonimato in ogni momento.<\/p>\n<p style=\"text-align: center;\">Oltre a organizzare feste private per gruppi selezionati nei luoghi pi\u00f9 esclusivi della citt\u00e0, ci preoccupiamo di garantire la legittimit\u00e0 di tutte le escort elencate sul nostro sito.<\/p>\n<p style=\"text-align: center;\">Per garantire la disponibilit\u00e0 della modella scelta, chiediamo ai nostri clienti di prenotare con almeno un&#8217;ora e mezza di anticipo.<\/p>\n<\/div><\/div><div class=\"w-separator size_custom\" style=\"height:40px\" id=\"y5fb\"><style><\/style><\/div><div class=\"g-cols wpb_row via_grid cols_1-4-1 laptops-cols_inherit tablets-cols_inherit mobiles-cols_1 valign_top type_default stacking_default\" style=\"--gap:3rem;\"><div class=\"wpb_column vc_column_container\"><div class=\"vc_column-inner\"><\/div><\/div><div class=\"wpb_column vc_column_container\"><div class=\"vc_column-inner\"><form class=\"w-form  layout_ver for_cform us_form_1\" autocomplete=\"off\" action=\"https:\/\/travestisbarcelona.com\/it\/wp-json\/wp\/v2\/pages\/851\" method=\"post\"><div class=\"w-form-h\"><div class=\"w-form-row for_text required cols_2\">\r\n\t\t<div class=\"w-form-row-field\">\r\n\t\t\t\t\t\t<input aria-label=\"Nome\" type=\"text\" name=\"us_form_1_text_1\" value placeholder=\"Nome *\" data-required=\"true\" aria-required=\"true\"\/>\r\n\t\t\t<\/div>\r\n\t\t<div class=\"w-form-row-state\">Compila questo campo<\/div>\r\n<\/div>\r\n<div class=\"w-form-row for_text cols_2\">\r\n\t\t<div class=\"w-form-row-field\">\r\n\t\t\t\t\t\t<input aria-label=\"Telefono\" inputmode=\"tel\" type=\"text\" name=\"us_form_1_text_2\" value placeholder=\"Telefono\"\/>\r\n\t\t\t<\/div>\r\n\t\t<div class=\"w-form-row-state\">Compila questo campo<\/div>\r\n<\/div>\r\n<div class=\"w-form-row for_email required cols_2\">\r\n\t\t<div class=\"w-form-row-field\">\r\n\t\t\t\t\t\t<input aria-label=\"Indirizzo e-mail\" type=\"email\" name=\"us_form_1_email_1\" value placeholder=\"Indirizzo e-mail *\" data-required=\"true\" aria-required=\"true\"\/>\r\n\t\t\t<\/div>\r\n\t\t<div class=\"w-form-row-state\">Inserisci un indirizzo email valido.<\/div>\r\n<\/div>\r\n<div class=\"w-form-row for_select cols_2\">\r\n\t\t<div class=\"w-form-row-field\">\r\n\t\t\t\t\t\t<select aria-label=\"Come ci ha conosciuto?\" name=\"us_form_1_select_1\">\r\n\t\t\t<option value=\"Come ci hai conosciuto?\">Come ci hai conosciuto?<\/option><option value=\"Internet\">Internet<\/option><option value=\"Raccomandazione\">Raccomandazione<\/option>\t\t<\/select>\r\n\t\t\t<\/div>\r\n\t\t<div class=\"w-form-row-state\">Seleziona un'opzione<\/div>\r\n<\/div>\r\n<div class=\"w-form-row for_textarea required\">\r\n\t\t<div class=\"w-form-row-field\">\r\n\t\t\t\t\t\t<textarea aria-label=\"Messaggio\" name=\"us_form_1_textarea_1\" placeholder=\"Messaggio *\" data-required=\"true\" aria-required=\"true\"><\/textarea>\r\n\t\t\t<\/div>\r\n\t\t<div class=\"w-form-row-state\">Compila questo campo<\/div>\r\n<\/div>\r\n<div class=\"w-form-row for_captcha required\">\r\n\t<div class=\"w-form-row-label\">\r\n\t\t<span> <span>22 - 13 = ?<\/span><\/span>\r\n\t<\/div>\r\n\t<div class=\"w-form-row-field\">\r\n\t\t\t\t<input type=\"hidden\" name=\"us_form_1_captcha_1_hash\" value=\"5a593df3265b5d71979b920afce88be1\" \/>\r\n\t\t\t\t<input aria-label=\"us_form_1_captcha_1\" type=\"text\" name=\"us_form_1_captcha_1\" placeholder data-required=\"true\" aria-required=\"true\"\/>\r\n\t\t\t<\/div>\r\n\t\t<div class=\"w-form-row-state\">Inserisci il risultato dell'equazione per procedere<\/div>\r\n<\/div>\r\n<div class=\"w-form-row for_agreement required\">\r\n\t\t<div class=\"w-form-row-field\">\r\n\t\t\t\t<label>\r\n\t\t\t<input type=\"checkbox\" value=\"1\" data-required=\"true\" aria-required=\"true\" name=\"us_form_1_agreement_1\"\/>\r\n\t\t\t<span>Accetto l'Informativa <a href=\"https:\/\/travestisbarcelona.com\/it\/informativa-sulla-privacy\/\" target=\"_blank\" rel=\"noopener\"><strong>sulla privacy<\/strong><\/a> e l'<a href=\"https:\/\/travestisbarcelona.com\/it\/nota-legale\/\" target=\"_blank\" rel=\"noopener\"><strong>Avviso legale<\/strong><\/a> di questo sito web.<\/span>\r\n\t\t<\/label>\r\n\t\t\t<\/div>\r\n\t\t<div class=\"w-form-row-state\">Devi accettare i termini per procedere<\/div>\r\n<\/div>\r\n<input type=\"hidden\" name=\"action\" value=\"us_ajax_cform\" \/>\r\n<input type=\"hidden\" name=\"post_id\" value=\"0\" \/>\r\n<input type=\"hidden\" name=\"form_index\" value=\"1\" \/>\r\n<div class=\"w-form-row for_submit align_none\">\r\n\t<button class=\"w-btn  us-btn-style_1\" aria-label=\"Invia\" type=\"submit\">\r\n\t\t<span class=\"g-preloader type_1\"><\/span>\r\n\t\t\t\t<span class=\"w-btn-label\">Invia<\/span>\r\n\t\t\t<\/button>\r\n\t<\/div>\r\n<\/div><div class=\"w-form-message\"><\/div><div class=\"w-form-json hidden\" onclick='return {&quot;ajaxurl&quot;:&quot;https:\\\/\\\/travestisbarcelona.com\\\/wp-admin\\\/admin-ajax.php&quot;,&quot;messages&quot;:{&quot;err_empty&quot;:&quot;Compila questo campo&quot;,&quot;err_size&quot;:&quot;File size cannot exceed %s MB&quot;,&quot;err_extension&quot;:&quot;%s file type is not allowed&quot;}}'><\/div><\/form><\/div><\/div><div class=\"wpb_column vc_column_container\"><div class=\"vc_column-inner\"><\/div><\/div><\/div><\/div><\/div><\/div><\/div><\/section>\n","protected":false},"excerpt":{"rendered":"Prenotazione Siamo esperti nel mantenere la discrezione nelle prenotazioni per i nostri clienti, proteggendo il loro anonimato in ogni momento. Oltre a organizzare feste private per gruppi selezionati nei luoghi pi\u00f9 esclusivi della citt\u00e0, ci preoccupiamo di garantire la legittimit\u00e0 di tutte le escort elencate sul nostro sito. Per garantire la disponibilit\u00e0 della modella scelta,...","protected":false},"author":1,"featured_media":0,"parent":0,"menu_order":0,"comment_status":"closed","ping_status":"closed","template":"","meta":{"footnotes":""},"class_list":["post-851","page","type-page","status-publish","hentry"],"yoast_head":"<!-- This site is optimized with the Yoast SEO plugin v24.8.1 - https:\/\/yoast.com\/wordpress\/plugins\/seo\/ -->\n<title>Prenotazione - TravestisBarcelona.com<\/title>\n<meta name=\"robots\" content=\"noindex, follow\" \/>\n<meta property=\"og:locale\" content=\"it_IT\" \/>\n<meta property=\"og:type\" content=\"article\" \/>\n<meta property=\"og:title\" content=\"Prenotazione - TravestisBarcelona.com\" \/>\n<meta property=\"og:url\" content=\"https:\/\/travestisbarcelona.com\/it\/prenotazione\/\" \/>\n<meta property=\"og:site_name\" content=\"TravestisBarcelona.com\" \/>\n<meta property=\"article:modified_time\" content=\"2023-10-27T14:20:23+00:00\" \/>\n<meta property=\"og:image\" content=\"https:\/\/travestisbarcelona.com\/wp-content\/uploads\/2023\/03\/Travesits-bcn.jpg\" \/>\n\t<meta property=\"og:image:width\" content=\"1400\" \/>\n\t<meta property=\"og:image:height\" content=\"933\" \/>\n\t<meta property=\"og:image:type\" content=\"image\/jpeg\" \/>\n<meta name=\"twitter:card\" content=\"summary_large_image\" \/>\n<meta name=\"twitter:label1\" content=\"Tempo di lettura stimato\" \/>\n\t<meta name=\"twitter:data1\" content=\"1 minuto\" \/>\n<script type=\"application\/ld+json\" class=\"yoast-schema-graph\">{\"@context\":\"https:\/\/schema.org\",\"@graph\":[{\"@type\":\"WebPage\",\"@id\":\"https:\/\/travestisbarcelona.com\/it\/prenotazione\/\",\"url\":\"https:\/\/travestisbarcelona.com\/it\/prenotazione\/\",\"name\":\"Prenotazione - TravestisBarcelona.com\",\"isPartOf\":{\"@id\":\"https:\/\/travestisbarcelona.com\/it\/#website\"},\"datePublished\":\"2023-03-22T14:08:51+00:00\",\"dateModified\":\"2023-10-27T14:20:23+00:00\",\"breadcrumb\":{\"@id\":\"https:\/\/travestisbarcelona.com\/it\/prenotazione\/#breadcrumb\"},\"inLanguage\":\"it-IT\",\"potentialAction\":[{\"@type\":\"ReadAction\",\"target\":[\"https:\/\/travestisbarcelona.com\/it\/prenotazione\/\"]}]},{\"@type\":\"BreadcrumbList\",\"@id\":\"https:\/\/travestisbarcelona.com\/it\/prenotazione\/#breadcrumb\",\"itemListElement\":[{\"@type\":\"ListItem\",\"position\":1,\"name\":\"Portada\",\"item\":\"https:\/\/travestisbarcelona.com\/it\/\"},{\"@type\":\"ListItem\",\"position\":2,\"name\":\"Prenotazione\"}]},{\"@type\":\"WebSite\",\"@id\":\"https:\/\/travestisbarcelona.com\/it\/#website\",\"url\":\"https:\/\/travestisbarcelona.com\/it\/\",\"name\":\"TravestisBarcelona.com\",\"description\":\"Travestis Barcelona\",\"publisher\":{\"@id\":\"https:\/\/travestisbarcelona.com\/it\/#organization\"},\"alternateName\":\"Travestis Barcelona\",\"potentialAction\":[{\"@type\":\"SearchAction\",\"target\":{\"@type\":\"EntryPoint\",\"urlTemplate\":\"https:\/\/travestisbarcelona.com\/it\/?s={search_term_string}\"},\"query-input\":{\"@type\":\"PropertyValueSpecification\",\"valueRequired\":true,\"valueName\":\"search_term_string\"}}],\"inLanguage\":\"it-IT\"},{\"@type\":\"Organization\",\"@id\":\"https:\/\/travestisbarcelona.com\/it\/#organization\",\"name\":\"TravestisBarcelona.com\",\"alternateName\":\"Travestis Barcelona\",\"url\":\"https:\/\/travestisbarcelona.com\/it\/\",\"logo\":{\"@type\":\"ImageObject\",\"inLanguage\":\"it-IT\",\"@id\":\"https:\/\/travestisbarcelona.com\/it\/#\/schema\/logo\/image\/\",\"url\":\"https:\/\/travestisbarcelona.com\/wp-content\/uploads\/2023\/03\/travestis-barcelona.png\",\"contentUrl\":\"https:\/\/travestisbarcelona.com\/wp-content\/uploads\/2023\/03\/travestis-barcelona.png\",\"width\":500,\"height\":78,\"caption\":\"TravestisBarcelona.com\"},\"image\":{\"@id\":\"https:\/\/travestisbarcelona.com\/it\/#\/schema\/logo\/image\/\"}}]}<\/script>\n<!-- \/ Yoast SEO plugin. -->","yoast_head_json":{"title":"Prenotazione - TravestisBarcelona.com","robots":{"index":"noindex","follow":"follow"},"og_locale":"it_IT","og_type":"article","og_title":"Prenotazione - TravestisBarcelona.com","og_url":"https:\/\/travestisbarcelona.com\/it\/prenotazione\/","og_site_name":"TravestisBarcelona.com","article_modified_time":"2023-10-27T14:20:23+00:00","og_image":[{"width":1400,"height":933,"url":"https:\/\/travestisbarcelona.com\/wp-content\/uploads\/2023\/03\/Travesits-bcn.jpg","type":"image\/jpeg"}],"twitter_card":"summary_large_image","twitter_misc":{"Tempo di lettura stimato":"1 minuto"},"schema":{"@context":"https:\/\/schema.org","@graph":[{"@type":"WebPage","@id":"https:\/\/travestisbarcelona.com\/it\/prenotazione\/","url":"https:\/\/travestisbarcelona.com\/it\/prenotazione\/","name":"Prenotazione - TravestisBarcelona.com","isPartOf":{"@id":"https:\/\/travestisbarcelona.com\/it\/#website"},"datePublished":"2023-03-22T14:08:51+00:00","dateModified":"2023-10-27T14:20:23+00:00","breadcrumb":{"@id":"https:\/\/travestisbarcelona.com\/it\/prenotazione\/#breadcrumb"},"inLanguage":"it-IT","potentialAction":[{"@type":"ReadAction","target":["https:\/\/travestisbarcelona.com\/it\/prenotazione\/"]}]},{"@type":"BreadcrumbList","@id":"https:\/\/travestisbarcelona.com\/it\/prenotazione\/#breadcrumb","itemListElement":[{"@type":"ListItem","position":1,"name":"Portada","item":"https:\/\/travestisbarcelona.com\/it\/"},{"@type":"ListItem","position":2,"name":"Prenotazione"}]},{"@type":"WebSite","@id":"https:\/\/travestisbarcelona.com\/it\/#website","url":"https:\/\/travestisbarcelona.com\/it\/","name":"TravestisBarcelona.com","description":"Travestis Barcelona","publisher":{"@id":"https:\/\/travestisbarcelona.com\/it\/#organization"},"alternateName":"Travestis Barcelona","potentialAction":[{"@type":"SearchAction","target":{"@type":"EntryPoint","urlTemplate":"https:\/\/travestisbarcelona.com\/it\/?s={search_term_string}"},"query-input":{"@type":"PropertyValueSpecification","valueRequired":true,"valueName":"search_term_string"}}],"inLanguage":"it-IT"},{"@type":"Organization","@id":"https:\/\/travestisbarcelona.com\/it\/#organization","name":"TravestisBarcelona.com","alternateName":"Travestis Barcelona","url":"https:\/\/travestisbarcelona.com\/it\/","logo":{"@type":"ImageObject","inLanguage":"it-IT","@id":"https:\/\/travestisbarcelona.com\/it\/#\/schema\/logo\/image\/","url":"https:\/\/travestisbarcelona.com\/wp-content\/uploads\/2023\/03\/travestis-barcelona.png","contentUrl":"https:\/\/travestisbarcelona.com\/wp-content\/uploads\/2023\/03\/travestis-barcelona.png","width":500,"height":78,"caption":"TravestisBarcelona.com"},"image":{"@id":"https:\/\/travestisbarcelona.com\/it\/#\/schema\/logo\/image\/"}}]}},"_links":{"self":[{"href":"https:\/\/travestisbarcelona.com\/it\/wp-json\/wp\/v2\/pages\/851","targetHints":{"allow":["GET"]}}],"collection":[{"href":"https:\/\/travestisbarcelona.com\/it\/wp-json\/wp\/v2\/pages"}],"about":[{"href":"https:\/\/travestisbarcelona.com\/it\/wp-json\/wp\/v2\/types\/page"}],"author":[{"embeddable":true,"href":"https:\/\/travestisbarcelona.com\/it\/wp-json\/wp\/v2\/users\/1"}],"replies":[{"embeddable":true,"href":"https:\/\/travestisbarcelona.com\/it\/wp-json\/wp\/v2\/comments?post=851"}],"version-history":[{"count":6,"href":"https:\/\/travestisbarcelona.com\/it\/wp-json\/wp\/v2\/pages\/851\/revisions"}],"predecessor-version":[{"id":3436,"href":"https:\/\/travestisbarcelona.com\/it\/wp-json\/wp\/v2\/pages\/851\/revisions\/3436"}],"wp:attachment":[{"href":"https:\/\/travestisbarcelona.com\/it\/wp-json\/wp\/v2\/media?parent=851"}],"curies":[{"name":"wp","href":"https:\/\/api.w.org\/{rel}","templated":true}]}}