{"id":857,"date":"2023-03-22T14:57:33","date_gmt":"2023-03-22T14:57:33","guid":{"rendered":"https:\/\/travestisbarcelona.com\/politica-sui-cookie\/"},"modified":"2023-10-27T14:29:26","modified_gmt":"2023-10-27T14:29:26","slug":"politica-sui-cookie","status":"publish","type":"page","link":"https:\/\/travestisbarcelona.com\/it\/politica-sui-cookie\/","title":{"rendered":"Politica sui cookie"},"content":{"rendered":"<section class=\"l-section wpb_row height_medium\"><div class=\"l-section-h i-cf\"><div class=\"g-cols vc_row via_grid cols_1 laptops-cols_inherit tablets-cols_inherit mobiles-cols_1 valign_top type_default stacking_default\"><div class=\"wpb_column vc_column_container\"><div class=\"vc_column-inner\"><div class=\"wpb_text_column\"><div class=\"wpb_wrapper\"><h1>Politica sui cookie<\/h1>\n<p>Questa \u00e8 la Politica sui cookie di travestisbarcelona.com, accessibile da travestisbarcelona.com<\/p>\n<p>COSA SONO I COOKIE<br \/>Come \u00e8 prassi comune con quasi tutti i siti Web professionali, questo sito utilizza i cookie, ovvero piccoli file che vengono scaricati sul tuo computer per migliorare la tua esperienza. Questa pagina descrive quali informazioni raccolgono, come le utilizziamo e perch\u00e9 a volte abbiamo bisogno di memorizzare questi cookie. Condivideremo anche come impedire la memorizzazione di questi cookie; tuttavia, ci\u00f2 potrebbe ridurre o &#8220;interrompere&#8221; alcuni elementi della funzionalit\u00e0 del sito.<\/p>\n<p>Per informazioni pi\u00f9 generali sui cookie, consultare l&#8217;articolo di Wikipedia sui cookie HTTP.<\/p>\n<p>COME UTILIZZIAMO I COOKIE<br \/>Utilizziamo i cookie per una serie di motivi descritti di seguito. Sfortunatamente, nella maggior parte dei casi, non esistono opzioni standard del settore per disabilitare i cookie senza disabilitare completamente le funzionalit\u00e0 e le caratteristiche che aggiungono a questo sito. Ti consigliamo di lasciare attivati \u200b\u200btutti i cookie se non sei sicuro se ne hai bisogno o meno nel caso in cui vengano utilizzati per fornire un servizio che utilizzi.<\/p>\n<p>DISABILITA I COOKIE<br \/>Puoi impedire l&#8217;impostazione dei cookie modificando le impostazioni del tuo browser (consulta la Guida del tuo browser per sapere come farlo). Tieni presente che la disattivazione dei cookie influir\u00e0 sulla funzionalit\u00e0 di questo e di molti altri siti Web visitati. La disabilitazione dei cookie generalmente comporter\u00e0 anche la disabilitazione di alcune funzioni e caratteristiche di questo sito. Pertanto si consiglia di non disabilitare i cookie.<\/p>\n<p>I COOKIE CHE STABILISMO<br \/>Cookie relativi ai moduli<\/p>\n<p>Quando invii dati tramite un modulo come quelli che si trovano nelle pagine di contatto o nei moduli di commento, i cookie potrebbero essere impostati per ricordare i tuoi dettagli utente per la corrispondenza futura.<\/p>\n<p>COOKIE DI TERZE PARTI<br \/>In alcuni casi particolari utilizziamo anche cookie forniti da terze parti fidate. La sezione seguente descrive in dettaglio quali cookie di terze parti potresti incontrare attraverso questo sito.<\/p>\n<p>Questo sito utilizza Google Analytics, che \u00e8 una delle soluzioni di analisi pi\u00f9 diffuse e affidabili sul Web per aiutarci a capire come utilizzi il sito e i modi in cui possiamo migliorare la tua esperienza. Questi cookie possono tenere traccia di cose come quanto tempo trascorri sul sito e le pagine che visiti in modo da poter continuare a produrre contenuti accattivanti.<\/p>\n<p>Per ulteriori informazioni sui cookie di Google Analytics consultare la pagina ufficiale di Google Analytics.<\/p>\n<p>MAGGIORI INFORMAZIONI<br \/>Speriamo che questo ti abbia reso le cose pi\u00f9 chiare e, come accennato in precedenza, se c&#8217;\u00e8 qualcosa di cui non sei sicuro di aver bisogno o meno, \u00e8 generalmente pi\u00f9 sicuro lasciare i cookie abilitati nel caso in cui interagisca con una delle funzionalit\u00e0 che utilizzi sul nostro sito. La presente Informativa sui cookie \u00e8 stata creata con l&#8217;aiuto del Generatore di modelli di policy sui cookie GDPR e del Modello di policy sui cookie GDPR basato sul Generatore di policy sulla privacy di TerminiFeed.<\/p>\n<p>Tuttavia, se stai ancora cercando maggiori informazioni, puoi contattarci tramite uno dei nostri metodi di contatto preferiti:<\/p>\n<p>E-mail: info@travestisbarcelona.com<\/p>\n<\/div><\/div><\/div><\/div><\/div><\/div><\/section>\n","protected":false},"excerpt":{"rendered":"Politica sui cookie Questa \u00e8 la Politica sui cookie di travestisbarcelona.com, accessibile da travestisbarcelona.com COSA SONO I COOKIECome \u00e8 prassi comune con quasi tutti i siti Web professionali, questo sito utilizza i cookie, ovvero piccoli file che vengono scaricati sul tuo computer per migliorare la tua esperienza. Questa pagina descrive quali informazioni raccolgono, come le...","protected":false},"author":1,"featured_media":0,"parent":0,"menu_order":0,"comment_status":"closed","ping_status":"closed","template":"","meta":{"footnotes":""},"class_list":["post-857","page","type-page","status-publish","hentry"],"yoast_head":"<!-- This site is optimized with the Yoast SEO plugin v24.8.1 - https:\/\/yoast.com\/wordpress\/plugins\/seo\/ -->\n<title>Politica sui cookie - TravestisBarcelona.com<\/title>\n<meta name=\"robots\" content=\"noindex, follow\" \/>\n<meta property=\"og:locale\" content=\"it_IT\" \/>\n<meta property=\"og:type\" content=\"article\" \/>\n<meta property=\"og:title\" content=\"Politica sui cookie - TravestisBarcelona.com\" \/>\n<meta property=\"og:url\" content=\"https:\/\/travestisbarcelona.com\/it\/politica-sui-cookie\/\" \/>\n<meta property=\"og:site_name\" content=\"TravestisBarcelona.com\" \/>\n<meta property=\"article:modified_time\" content=\"2023-10-27T14:29:26+00:00\" \/>\n<meta property=\"og:image\" content=\"https:\/\/travestisbarcelona.com\/wp-content\/uploads\/2023\/03\/Travesits-bcn.jpg\" \/>\n\t<meta property=\"og:image:width\" content=\"1400\" \/>\n\t<meta property=\"og:image:height\" content=\"933\" \/>\n\t<meta property=\"og:image:type\" content=\"image\/jpeg\" \/>\n<meta name=\"twitter:card\" content=\"summary_large_image\" \/>\n<meta name=\"twitter:label1\" content=\"Tempo di lettura stimato\" \/>\n\t<meta name=\"twitter:data1\" content=\"3 minuti\" \/>\n<script type=\"application\/ld+json\" class=\"yoast-schema-graph\">{\"@context\":\"https:\/\/schema.org\",\"@graph\":[{\"@type\":\"WebPage\",\"@id\":\"https:\/\/travestisbarcelona.com\/it\/politica-sui-cookie\/\",\"url\":\"https:\/\/travestisbarcelona.com\/it\/politica-sui-cookie\/\",\"name\":\"Politica sui cookie - TravestisBarcelona.com\",\"isPartOf\":{\"@id\":\"https:\/\/travestisbarcelona.com\/it\/#website\"},\"datePublished\":\"2023-03-22T14:57:33+00:00\",\"dateModified\":\"2023-10-27T14:29:26+00:00\",\"breadcrumb\":{\"@id\":\"https:\/\/travestisbarcelona.com\/it\/politica-sui-cookie\/#breadcrumb\"},\"inLanguage\":\"it-IT\",\"potentialAction\":[{\"@type\":\"ReadAction\",\"target\":[\"https:\/\/travestisbarcelona.com\/it\/politica-sui-cookie\/\"]}]},{\"@type\":\"BreadcrumbList\",\"@id\":\"https:\/\/travestisbarcelona.com\/it\/politica-sui-cookie\/#breadcrumb\",\"itemListElement\":[{\"@type\":\"ListItem\",\"position\":1,\"name\":\"Portada\",\"item\":\"https:\/\/travestisbarcelona.com\/it\/\"},{\"@type\":\"ListItem\",\"position\":2,\"name\":\"Politica sui cookie\"}]},{\"@type\":\"WebSite\",\"@id\":\"https:\/\/travestisbarcelona.com\/it\/#website\",\"url\":\"https:\/\/travestisbarcelona.com\/it\/\",\"name\":\"TravestisBarcelona.com\",\"description\":\"Travestis Barcelona\",\"publisher\":{\"@id\":\"https:\/\/travestisbarcelona.com\/it\/#organization\"},\"alternateName\":\"Travestis Barcelona\",\"potentialAction\":[{\"@type\":\"SearchAction\",\"target\":{\"@type\":\"EntryPoint\",\"urlTemplate\":\"https:\/\/travestisbarcelona.com\/it\/?s={search_term_string}\"},\"query-input\":{\"@type\":\"PropertyValueSpecification\",\"valueRequired\":true,\"valueName\":\"search_term_string\"}}],\"inLanguage\":\"it-IT\"},{\"@type\":\"Organization\",\"@id\":\"https:\/\/travestisbarcelona.com\/it\/#organization\",\"name\":\"TravestisBarcelona.com\",\"alternateName\":\"Travestis Barcelona\",\"url\":\"https:\/\/travestisbarcelona.com\/it\/\",\"logo\":{\"@type\":\"ImageObject\",\"inLanguage\":\"it-IT\",\"@id\":\"https:\/\/travestisbarcelona.com\/it\/#\/schema\/logo\/image\/\",\"url\":\"https:\/\/travestisbarcelona.com\/wp-content\/uploads\/2023\/03\/travestis-barcelona.png\",\"contentUrl\":\"https:\/\/travestisbarcelona.com\/wp-content\/uploads\/2023\/03\/travestis-barcelona.png\",\"width\":500,\"height\":78,\"caption\":\"TravestisBarcelona.com\"},\"image\":{\"@id\":\"https:\/\/travestisbarcelona.com\/it\/#\/schema\/logo\/image\/\"}}]}<\/script>\n<!-- \/ Yoast SEO plugin. -->","yoast_head_json":{"title":"Politica sui cookie - TravestisBarcelona.com","robots":{"index":"noindex","follow":"follow"},"og_locale":"it_IT","og_type":"article","og_title":"Politica sui cookie - TravestisBarcelona.com","og_url":"https:\/\/travestisbarcelona.com\/it\/politica-sui-cookie\/","og_site_name":"TravestisBarcelona.com","article_modified_time":"2023-10-27T14:29:26+00:00","og_image":[{"width":1400,"height":933,"url":"https:\/\/travestisbarcelona.com\/wp-content\/uploads\/2023\/03\/Travesits-bcn.jpg","type":"image\/jpeg"}],"twitter_card":"summary_large_image","twitter_misc":{"Tempo di lettura stimato":"3 minuti"},"schema":{"@context":"https:\/\/schema.org","@graph":[{"@type":"WebPage","@id":"https:\/\/travestisbarcelona.com\/it\/politica-sui-cookie\/","url":"https:\/\/travestisbarcelona.com\/it\/politica-sui-cookie\/","name":"Politica sui cookie - TravestisBarcelona.com","isPartOf":{"@id":"https:\/\/travestisbarcelona.com\/it\/#website"},"datePublished":"2023-03-22T14:57:33+00:00","dateModified":"2023-10-27T14:29:26+00:00","breadcrumb":{"@id":"https:\/\/travestisbarcelona.com\/it\/politica-sui-cookie\/#breadcrumb"},"inLanguage":"it-IT","potentialAction":[{"@type":"ReadAction","target":["https:\/\/travestisbarcelona.com\/it\/politica-sui-cookie\/"]}]},{"@type":"BreadcrumbList","@id":"https:\/\/travestisbarcelona.com\/it\/politica-sui-cookie\/#breadcrumb","itemListElement":[{"@type":"ListItem","position":1,"name":"Portada","item":"https:\/\/travestisbarcelona.com\/it\/"},{"@type":"ListItem","position":2,"name":"Politica sui cookie"}]},{"@type":"WebSite","@id":"https:\/\/travestisbarcelona.com\/it\/#website","url":"https:\/\/travestisbarcelona.com\/it\/","name":"TravestisBarcelona.com","description":"Travestis Barcelona","publisher":{"@id":"https:\/\/travestisbarcelona.com\/it\/#organization"},"alternateName":"Travestis Barcelona","potentialAction":[{"@type":"SearchAction","target":{"@type":"EntryPoint","urlTemplate":"https:\/\/travestisbarcelona.com\/it\/?s={search_term_string}"},"query-input":{"@type":"PropertyValueSpecification","valueRequired":true,"valueName":"search_term_string"}}],"inLanguage":"it-IT"},{"@type":"Organization","@id":"https:\/\/travestisbarcelona.com\/it\/#organization","name":"TravestisBarcelona.com","alternateName":"Travestis Barcelona","url":"https:\/\/travestisbarcelona.com\/it\/","logo":{"@type":"ImageObject","inLanguage":"it-IT","@id":"https:\/\/travestisbarcelona.com\/it\/#\/schema\/logo\/image\/","url":"https:\/\/travestisbarcelona.com\/wp-content\/uploads\/2023\/03\/travestis-barcelona.png","contentUrl":"https:\/\/travestisbarcelona.com\/wp-content\/uploads\/2023\/03\/travestis-barcelona.png","width":500,"height":78,"caption":"TravestisBarcelona.com"},"image":{"@id":"https:\/\/travestisbarcelona.com\/it\/#\/schema\/logo\/image\/"}}]}},"_links":{"self":[{"href":"https:\/\/travestisbarcelona.com\/it\/wp-json\/wp\/v2\/pages\/857","targetHints":{"allow":["GET"]}}],"collection":[{"href":"https:\/\/travestisbarcelona.com\/it\/wp-json\/wp\/v2\/pages"}],"about":[{"href":"https:\/\/travestisbarcelona.com\/it\/wp-json\/wp\/v2\/types\/page"}],"author":[{"embeddable":true,"href":"https:\/\/travestisbarcelona.com\/it\/wp-json\/wp\/v2\/users\/1"}],"replies":[{"embeddable":true,"href":"https:\/\/travestisbarcelona.com\/it\/wp-json\/wp\/v2\/comments?post=857"}],"version-history":[{"count":1,"href":"https:\/\/travestisbarcelona.com\/it\/wp-json\/wp\/v2\/pages\/857\/revisions"}],"predecessor-version":[{"id":3441,"href":"https:\/\/travestisbarcelona.com\/it\/wp-json\/wp\/v2\/pages\/857\/revisions\/3441"}],"wp:attachment":[{"href":"https:\/\/travestisbarcelona.com\/it\/wp-json\/wp\/v2\/media?parent=857"}],"curies":[{"name":"wp","href":"https:\/\/api.w.org\/{rel}","templated":true}]}}