{"id":858,"date":"2023-03-30T09:22:46","date_gmt":"2023-03-30T09:22:46","guid":{"rendered":"https:\/\/travestisbarcelona.com\/informativa-sulla-privacy\/"},"modified":"2023-10-27T14:27:09","modified_gmt":"2023-10-27T14:27:09","slug":"informativa-sulla-privacy","status":"publish","type":"page","link":"https:\/\/travestisbarcelona.com\/it\/informativa-sulla-privacy\/","title":{"rendered":"Informativa sulla privacy"},"content":{"rendered":"<section class=\"l-section wpb_row height_medium\"><div class=\"l-section-h i-cf\"><div class=\"g-cols vc_row via_grid cols_1 laptops-cols_inherit tablets-cols_inherit mobiles-cols_1 valign_top type_default stacking_default\"><div class=\"wpb_column vc_column_container\"><div class=\"vc_column-inner\"><div class=\"wpb_text_column\"><div class=\"wpb_wrapper\"><h1>Informativa sulla privacy<\/h1>\n<p>IDENTIT\u00c0 DEL TITOLARE<br \/>Titolo: xxxxx<\/p>\n<p>NIF\/CIF: xxxxxx<\/p>\n<p>Indirizzo: xxxxx<\/p>\n<p>E-mail: info@travestisbarcelona.com<\/p>\n<p>Web: https:\/\/travestisbarcelona.com\/<\/p>\n<p>PRINCIPI APPLICATI NEL TRATTAMENTO DEI DATI<br \/>Nel trattamento dei tuoi dati personali, il Titolare applicher\u00e0 i seguenti principi conformi ai requisiti del nuovo regolamento europeo sulla protezione dei dati:<\/p>\n<p>Principio di liceit\u00e0, lealt\u00e0 e trasparenza: Il Titolare richieder\u00e0 sempre il consenso per il trattamento dei tuoi dati personali, che potr\u00e0 avvenire per una o pi\u00f9 finalit\u00e0 specifiche delle quali informerai previamente con assoluta trasparenza.<br \/>Principio di minimizzazione dei dati: Il Titolare richieder\u00e0 solo i dati strettamente necessari allo scopo o alle finalit\u00e0 richieste.<br \/>Principio di limitazione del periodo di conservazione: I dati saranno conservati per il tempo strettamente necessario alla finalit\u00e0 o alle finalit\u00e0 del trattamento.<br \/>Il Titolare ti informer\u00e0 del periodo di conservazione corrispondente a seconda dello scopo. In caso di iscrizioni, il Titolare riesaminer\u00e0 periodicamente gli elenchi ed eliminer\u00e0 i record inattivi da tempo considerevole.<br \/>Principio di integrit\u00e0 e riservatezza: i tuoi dati saranno trattati in modo da garantirne la sicurezza, la riservatezza e l&#8217;integrit\u00e0.<br \/>Si informa che il Titolare adotta le necessarie precauzioni al fine di evitare accessi non autorizzati o usi impropri dei dati dei propri utenti da parte di terzi.<\/p>\n<p>OTTENIMENTO DEI DATI PERSONALI<br \/>Per navigare su travestisbarcelona.com non \u00e8 necessario fornire alcun dato personale. I casi in cui fornisci i tuoi dati personali sono i seguenti:<\/p>\n<p>Contattando tramite moduli di contatto o inviando un&#8217;e-mail.<br \/>Quando si effettua una prenotazione tramite il modulo di prenotazione o inviando un&#8217;e-mail.<\/p>\n<p>I COOKIE CHE STABILISMO<br \/>Cookie relativi ai moduli<\/p>\n<p>Quando invii dati tramite un modulo come quelli che si trovano nelle pagine di contatto o nei moduli di commento, i cookie potrebbero essere impostati per ricordare i tuoi dettagli utente per la corrispondenza futura.<\/p>\n<p>I TUOI DIRITTI<br \/>Il Titolare ti informa che riguardo ai tuoi dati personali hai il diritto di:<\/p>\n<p>Richiedere l&#8217;accesso ai dati archiviati.<br \/>Richiedere una rettifica o cancellazione.<br \/>Richiedi la limitazione del tuo trattamento.<br \/>Opporsi al trattamento.<br \/>Richiedi la portabilit\u00e0 dei tuoi dati.<br \/>L&#8217;esercizio di tali diritti \u00e8 personale e pertanto deve essere esercitato direttamente dall&#8217;interessato, richiedendolo direttamente al Titolare, pertanto qualsiasi cliente, abbonato o collaboratore che abbia fornito i propri dati in qualsiasi momento potr\u00e0 contattare il Titolare e richiedere informazioni. sui dati che hai conservato e su come li hai ottenuti, chiedere la rettifica degli stessi, richiedere la portabilit\u00e0 dei tuoi dati personali, opporti al trattamento, limitarne l&#8217;utilizzo o chiedere la cancellazione di detti dati dagli archivi del Titolare.<\/p>\n<p>Per esercitare i tuoi diritti di accesso, rettifica, cancellazione, portabilit\u00e0 e opposizione, devi inviare un&#8217;e-mail a info@travestisbarcelona.com insieme a una prova legalmente valida come una fotocopia del tuo DNI o equivalente.<\/p>\n<p>Hai diritto ad una tutela giurisdizionale effettiva e a presentare un reclamo all&#8217;autorit\u00e0 di controllo, in questo caso, l&#8217;Agenzia spagnola per la protezione dei dati, se ritieni che il trattamento dei dati personali che ti riguardano violi il Regolamento.<\/p>\n<p>FINALIT\u00c0 DEL TRATTAMENTO DEI DATI PERSONALI<br \/>Quando ti colleghi al Sito per inviare un&#8217;e-mail al Titolare, iscriverti alla sua newsletter o stipulare un contratto, stai fornendo informazioni personali di cui il Titolare \u00e8 responsabile. Queste informazioni possono includere dati personali come indirizzo IP, nome e cognome, indirizzo fisico, indirizzo e-mail, numero di telefono e altre informazioni. Fornendo queste informazioni, dai il tuo consenso affinch\u00e9 le tue informazioni vengano raccolte, utilizzate, gestite e archiviate da travestisbarcelona.com, solo come descritto nelle Note legali e nella presente Informativa sulla privacy.<\/p>\n<p>I dati personali e le finalit\u00e0 del trattamento da parte del Titolare sono diversi a seconda del sistema di acquisizione delle informazioni:<\/p>\n<p>Moduli di contatto: Il Titolare richiede dati personali che possono includere: Nome e cognome, indirizzo email, numero di telefono e indirizzo del sito web per rispondere alle tue domande.<br \/>Ad esempio, il Titolare utilizza questi dati per rispondere ai tuoi messaggi, dubbi, reclami, commenti o preoccupazioni che potresti avere riguardo alle informazioni incluse nel Sito, ai servizi forniti attraverso il Sito, al trattamento dei tuoi dati personali, domande riguardanti la testi legali inclusi nel sito Web, nonch\u00e9 qualsiasi altra domanda che potresti avere che non \u00e8 soggetta alle condizioni del sito Web o del contratto.<\/p>\n<p>A.<br \/>Ci sono altre finalit\u00e0 per le quali il Titolare tratta i tuoi dati personali:<\/p>\n<p>Il Titolare tratter\u00e0 i tuoi dati personali al fine di gestire correttamente la propria presenza sui social network, informarti sulle proprie attivit\u00e0, prodotti o servizi, nonch\u00e9 per qualsiasi altra finalit\u00e0 consentita dalla normativa dei social network.<\/p>\n<p>In nessun caso il Titolare utilizzer\u00e0 i profili dei follower presenti sui social network per inviare messaggi pubblicitari individualmente.<\/p>\n<p>SICUREZZA DEI DATI PERSONALI<br \/>Per proteggere i tuoi dati personali, il Titolare adotta tutte le ragionevoli precauzioni e segue le migliori pratiche del settore per prevenirne la perdita, l&#8217;uso improprio, l&#8217;accesso improprio, la divulgazione, l&#8217;alterazione o la distruzione degli stessi. Il sito web \u00e8 ospitato su XXXX. La sicurezza dei vostri dati \u00e8 garantita, poich\u00e9 a tal fine vengono adottate tutte le misure di sicurezza necessarie. \u00c8 possibile consultare la loro politica sulla privacy per ulteriori informazioni.<\/p>\n<p>CONTENUTI DA ALTRI SITI WEB<br \/>Le pagine di questo sito Web possono includere contenuti incorporati (ad esempio video, immagini, articoli, ecc.). I contenuti incorporati di altri siti web si comportano esattamente come se avessi visitato l&#8217;altro sito web. Questi siti Web possono raccogliere dati su di te, utilizzare cookie, incorporare ulteriore codice di monitoraggio di terze parti e monitorare la tua interazione utilizzando questo codice.<\/p>\n<p>POLITICA SUI COOKIE<br \/>Affinch\u00e9 questo sito Web funzioni correttamente, deve utilizzare i cookie, ovvero informazioni archiviate nel tuo browser web.<\/p>\n<p>Nella pagina Politica sui cookie \u00e8 possibile consultare tutte le informazioni relative alla politica di raccolta, finalit\u00e0 e trattamento dei cookie.<\/p>\n<p>LEGITTIMAZIONE AL TRATTAMENTO DEI DATI<br \/>La base giuridica del trattamento dei tuoi dati \u00e8: il consenso.<\/p>\n<p>Per contattare il Titolare, iscriversi a una newsletter o lasciare commenti su questo sito \u00e8 necessario accettare la presente Privacy Policy.<\/p>\n<p>CATEGORIE DI DATI PERSONALI<br \/>Le categorie di dati personali trattati dal Titolare sono:<\/p>\n<p>CONSERVAZIONE DEI DATI PERSONALI<br \/>I dati personali da Lei forniti al Titolare saranno conservati fino a quando non ne richieder\u00e0 la cancellazione.<\/p>\n<p>DESTINATARI DEI DATI PERSONALI<br \/>Google Analytics utilizza dei \u201ccookie\u201d, che sono file di testo depositati sul Vostro computer, per aiutare il Titolare ad analizzare l&#8217;utilizzo fatto dagli utenti del Sito web. Le informazioni generate dal cookie sull&#8217;utilizzo del sito web da parte tua (compreso il tuo indirizzo IP) verranno direttamente trasmesse e depositate presso i server di Google negli Stati Uniti.<\/p>\n<p>Puoi inoltre visualizzare un elenco dei tipi di cookie utilizzati da Google e dai suoi collaboratori e tutte le informazioni relative al loro utilizzo dei cookie pubblicitari.<\/p>\n<p>NAVIGAZIONE WEB<br \/>Durante la navigazione su travestisbarcelona.com possono essere raccolti dati non identificativi, che possono includere indirizzo IP, geolocalizzazione, una registrazione dell&#8217;utilizzo di servizi e siti, abitudini di navigazione e altri dati che non possono essere utilizzati per identificarti.<\/p>\n<p>Il sito web utilizza i seguenti servizi di analisi di terze parti:<\/p>\n<p>Il Titolare utilizza le informazioni ottenute per ottenere dati statistici, analizzare tendenze, amministrare il sito, studiare modelli di navigazione e raccogliere informazioni demografiche.<\/p>\n<p>ACCURATEZZA E ACCURATEZZA DEI DATI PERSONALI<br \/>Ti impegni a garantire che i dati forniti al Titolare siano corretti, completi, accurati e aggiornati, nonch\u00e9 a mantenerli debitamente aggiornati.<\/p>\n<p>In qualit\u00e0 di Utente del Sito, sei l&#8217;unico responsabile della veridicit\u00e0 e della correttezza dei dati che invii al sito, esonerando il Titolare da qualsiasi responsabilit\u00e0 al riguardo.<\/p>\n<p>ACCETTAZIONE E CONSENSO<br \/>In qualit\u00e0 di Utente del Sito, dichiari di essere stato informato delle condizioni relative alla protezione dei dati personali, e accetti e acconsenti al trattamento degli stessi da parte del Titolare nei modi e per le finalit\u00e0 indicate nella presente Privacy Policy.<\/p>\n<p>ACCETTAZIONE E CONSENSO<br \/>Per esercitare i tuoi diritti di accesso, rettifica, cancellazione, portabilit\u00e0 e opposizione, devi inviare un&#8217;e-mail a info@travestisbarcelona.com insieme a una prova legalmente valida come una fotocopia del tuo DNI o equivalente.<\/p>\n<p>L\u2019esercizio dei tuoi diritti non comprende eventuali dati che il Titolare \u00e8 obbligato a conservare per fini amministrativi, legali o di sicurezza.<\/p>\n<p>MODIFICHE NELLA POLITICA SULLA PRIVACY<br \/>Il Titolare si riserva il diritto di modificare la presente Informativa sulla Privacy per adattarla agli sviluppi legislativi o giurisprudenziali, nonch\u00e9 alle pratiche del settore.<\/p>\n<p>Queste politiche rimarranno in vigore finch\u00e9 non saranno modificate da altre debitamente pubblicate.<\/p>\n<p>Per garantire il rispetto delle condizioni incluse nell&#8217;Avviso Legale e nella legislazione applicabile. Ci\u00f2 pu\u00f2 includere lo sviluppo di strumenti e algoritmi che aiutano questo sito Web a garantire la riservatezza dei dati personali raccolti.<\/p>\n<p>Per supportare e migliorare i servizi offerti da questa e sito web.<\/p>\n<p>Analizza la navigazione.<br \/>Il Titolare raccoglie altri dati non identificativi ottenuti attraverso l&#8217;uso di cookie che vengono scaricati sul tuo computer quando navighi sul sito web le cui caratteristiche e finalit\u00e0 sono dettagliate nella Politica sui cookie. Per gestire i social network. Se diventi follower dei social network del Titolare, il trattamento dei dati personali sar\u00e0 regolato da questa sezione, nonch\u00e9 dalle condizioni d&#8217;uso, dalle politiche sulla privacy e dai regolamenti di accesso propri del social network applicabili in ogni caso e che hai precedentemente accettato.<\/p>\n<p>Dati identificativi<br \/>Google Analytics \u00e8 un servizio di analisi web fornito da Google, Inc., una societ\u00e0 del Delaware la cui sede principale si trova a 1600 Amphitheatre Parkway, Mountain View (California), CA 94043, Stati Uniti (&#8220;Google&#8221;). Troverai maggiori informazioni su: https:\/\/analytics.google.com<br \/>Statistiche di Google<\/p>\n<\/div><\/div><\/div><\/div><\/div><\/div><\/section>\n","protected":false},"excerpt":{"rendered":"Informativa sulla privacy IDENTIT\u00c0 DEL TITOLARETitolo: xxxxx NIF\/CIF: xxxxxx Indirizzo: xxxxx E-mail: info@travestisbarcelona.com Web: https:\/\/travestisbarcelona.com\/ PRINCIPI APPLICATI NEL TRATTAMENTO DEI DATINel trattamento dei tuoi dati personali, il Titolare applicher\u00e0 i seguenti principi conformi ai requisiti del nuovo regolamento europeo sulla protezione dei dati: Principio di liceit\u00e0, lealt\u00e0 e trasparenza: Il Titolare richieder\u00e0 sempre il consenso...","protected":false},"author":1,"featured_media":0,"parent":0,"menu_order":0,"comment_status":"closed","ping_status":"closed","template":"","meta":{"footnotes":""},"class_list":["post-858","page","type-page","status-publish","hentry"],"yoast_head":"<!-- This site is optimized with the Yoast SEO plugin v24.8.1 - https:\/\/yoast.com\/wordpress\/plugins\/seo\/ -->\n<title>Informativa sulla privacy - TravestisBarcelona.com<\/title>\n<meta name=\"robots\" content=\"noindex, follow\" \/>\n<meta property=\"og:locale\" content=\"it_IT\" \/>\n<meta property=\"og:type\" content=\"article\" \/>\n<meta property=\"og:title\" content=\"Informativa sulla privacy - TravestisBarcelona.com\" \/>\n<meta property=\"og:url\" content=\"https:\/\/travestisbarcelona.com\/it\/informativa-sulla-privacy\/\" \/>\n<meta property=\"og:site_name\" content=\"TravestisBarcelona.com\" \/>\n<meta property=\"article:modified_time\" content=\"2023-10-27T14:27:09+00:00\" \/>\n<meta property=\"og:image\" content=\"https:\/\/travestisbarcelona.com\/wp-content\/uploads\/2023\/03\/Travesits-bcn.jpg\" \/>\n\t<meta property=\"og:image:width\" content=\"1400\" \/>\n\t<meta property=\"og:image:height\" content=\"933\" \/>\n\t<meta property=\"og:image:type\" content=\"image\/jpeg\" \/>\n<meta name=\"twitter:card\" content=\"summary_large_image\" \/>\n<meta name=\"twitter:label1\" content=\"Tempo di lettura stimato\" \/>\n\t<meta name=\"twitter:data1\" content=\"8 minuti\" \/>\n<script type=\"application\/ld+json\" class=\"yoast-schema-graph\">{\"@context\":\"https:\/\/schema.org\",\"@graph\":[{\"@type\":\"WebPage\",\"@id\":\"https:\/\/travestisbarcelona.com\/it\/informativa-sulla-privacy\/\",\"url\":\"https:\/\/travestisbarcelona.com\/it\/informativa-sulla-privacy\/\",\"name\":\"Informativa sulla privacy - TravestisBarcelona.com\",\"isPartOf\":{\"@id\":\"https:\/\/travestisbarcelona.com\/it\/#website\"},\"datePublished\":\"2023-03-30T09:22:46+00:00\",\"dateModified\":\"2023-10-27T14:27:09+00:00\",\"breadcrumb\":{\"@id\":\"https:\/\/travestisbarcelona.com\/it\/informativa-sulla-privacy\/#breadcrumb\"},\"inLanguage\":\"it-IT\",\"potentialAction\":[{\"@type\":\"ReadAction\",\"target\":[\"https:\/\/travestisbarcelona.com\/it\/informativa-sulla-privacy\/\"]}]},{\"@type\":\"BreadcrumbList\",\"@id\":\"https:\/\/travestisbarcelona.com\/it\/informativa-sulla-privacy\/#breadcrumb\",\"itemListElement\":[{\"@type\":\"ListItem\",\"position\":1,\"name\":\"Portada\",\"item\":\"https:\/\/travestisbarcelona.com\/it\/\"},{\"@type\":\"ListItem\",\"position\":2,\"name\":\"Informativa sulla privacy\"}]},{\"@type\":\"WebSite\",\"@id\":\"https:\/\/travestisbarcelona.com\/it\/#website\",\"url\":\"https:\/\/travestisbarcelona.com\/it\/\",\"name\":\"TravestisBarcelona.com\",\"description\":\"Travestis Barcelona\",\"publisher\":{\"@id\":\"https:\/\/travestisbarcelona.com\/it\/#organization\"},\"alternateName\":\"Travestis Barcelona\",\"potentialAction\":[{\"@type\":\"SearchAction\",\"target\":{\"@type\":\"EntryPoint\",\"urlTemplate\":\"https:\/\/travestisbarcelona.com\/it\/?s={search_term_string}\"},\"query-input\":{\"@type\":\"PropertyValueSpecification\",\"valueRequired\":true,\"valueName\":\"search_term_string\"}}],\"inLanguage\":\"it-IT\"},{\"@type\":\"Organization\",\"@id\":\"https:\/\/travestisbarcelona.com\/it\/#organization\",\"name\":\"TravestisBarcelona.com\",\"alternateName\":\"Travestis Barcelona\",\"url\":\"https:\/\/travestisbarcelona.com\/it\/\",\"logo\":{\"@type\":\"ImageObject\",\"inLanguage\":\"it-IT\",\"@id\":\"https:\/\/travestisbarcelona.com\/it\/#\/schema\/logo\/image\/\",\"url\":\"https:\/\/travestisbarcelona.com\/wp-content\/uploads\/2023\/03\/travestis-barcelona.png\",\"contentUrl\":\"https:\/\/travestisbarcelona.com\/wp-content\/uploads\/2023\/03\/travestis-barcelona.png\",\"width\":500,\"height\":78,\"caption\":\"TravestisBarcelona.com\"},\"image\":{\"@id\":\"https:\/\/travestisbarcelona.com\/it\/#\/schema\/logo\/image\/\"}}]}<\/script>\n<!-- \/ Yoast SEO plugin. -->","yoast_head_json":{"title":"Informativa sulla privacy - TravestisBarcelona.com","robots":{"index":"noindex","follow":"follow"},"og_locale":"it_IT","og_type":"article","og_title":"Informativa sulla privacy - TravestisBarcelona.com","og_url":"https:\/\/travestisbarcelona.com\/it\/informativa-sulla-privacy\/","og_site_name":"TravestisBarcelona.com","article_modified_time":"2023-10-27T14:27:09+00:00","og_image":[{"width":1400,"height":933,"url":"https:\/\/travestisbarcelona.com\/wp-content\/uploads\/2023\/03\/Travesits-bcn.jpg","type":"image\/jpeg"}],"twitter_card":"summary_large_image","twitter_misc":{"Tempo di lettura stimato":"8 minuti"},"schema":{"@context":"https:\/\/schema.org","@graph":[{"@type":"WebPage","@id":"https:\/\/travestisbarcelona.com\/it\/informativa-sulla-privacy\/","url":"https:\/\/travestisbarcelona.com\/it\/informativa-sulla-privacy\/","name":"Informativa sulla privacy - TravestisBarcelona.com","isPartOf":{"@id":"https:\/\/travestisbarcelona.com\/it\/#website"},"datePublished":"2023-03-30T09:22:46+00:00","dateModified":"2023-10-27T14:27:09+00:00","breadcrumb":{"@id":"https:\/\/travestisbarcelona.com\/it\/informativa-sulla-privacy\/#breadcrumb"},"inLanguage":"it-IT","potentialAction":[{"@type":"ReadAction","target":["https:\/\/travestisbarcelona.com\/it\/informativa-sulla-privacy\/"]}]},{"@type":"BreadcrumbList","@id":"https:\/\/travestisbarcelona.com\/it\/informativa-sulla-privacy\/#breadcrumb","itemListElement":[{"@type":"ListItem","position":1,"name":"Portada","item":"https:\/\/travestisbarcelona.com\/it\/"},{"@type":"ListItem","position":2,"name":"Informativa sulla privacy"}]},{"@type":"WebSite","@id":"https:\/\/travestisbarcelona.com\/it\/#website","url":"https:\/\/travestisbarcelona.com\/it\/","name":"TravestisBarcelona.com","description":"Travestis Barcelona","publisher":{"@id":"https:\/\/travestisbarcelona.com\/it\/#organization"},"alternateName":"Travestis Barcelona","potentialAction":[{"@type":"SearchAction","target":{"@type":"EntryPoint","urlTemplate":"https:\/\/travestisbarcelona.com\/it\/?s={search_term_string}"},"query-input":{"@type":"PropertyValueSpecification","valueRequired":true,"valueName":"search_term_string"}}],"inLanguage":"it-IT"},{"@type":"Organization","@id":"https:\/\/travestisbarcelona.com\/it\/#organization","name":"TravestisBarcelona.com","alternateName":"Travestis Barcelona","url":"https:\/\/travestisbarcelona.com\/it\/","logo":{"@type":"ImageObject","inLanguage":"it-IT","@id":"https:\/\/travestisbarcelona.com\/it\/#\/schema\/logo\/image\/","url":"https:\/\/travestisbarcelona.com\/wp-content\/uploads\/2023\/03\/travestis-barcelona.png","contentUrl":"https:\/\/travestisbarcelona.com\/wp-content\/uploads\/2023\/03\/travestis-barcelona.png","width":500,"height":78,"caption":"TravestisBarcelona.com"},"image":{"@id":"https:\/\/travestisbarcelona.com\/it\/#\/schema\/logo\/image\/"}}]}},"_links":{"self":[{"href":"https:\/\/travestisbarcelona.com\/it\/wp-json\/wp\/v2\/pages\/858","targetHints":{"allow":["GET"]}}],"collection":[{"href":"https:\/\/travestisbarcelona.com\/it\/wp-json\/wp\/v2\/pages"}],"about":[{"href":"https:\/\/travestisbarcelona.com\/it\/wp-json\/wp\/v2\/types\/page"}],"author":[{"embeddable":true,"href":"https:\/\/travestisbarcelona.com\/it\/wp-json\/wp\/v2\/users\/1"}],"replies":[{"embeddable":true,"href":"https:\/\/travestisbarcelona.com\/it\/wp-json\/wp\/v2\/comments?post=858"}],"version-history":[{"count":1,"href":"https:\/\/travestisbarcelona.com\/it\/wp-json\/wp\/v2\/pages\/858\/revisions"}],"predecessor-version":[{"id":3440,"href":"https:\/\/travestisbarcelona.com\/it\/wp-json\/wp\/v2\/pages\/858\/revisions\/3440"}],"wp:attachment":[{"href":"https:\/\/travestisbarcelona.com\/it\/wp-json\/wp\/v2\/media?parent=858"}],"curies":[{"name":"wp","href":"https:\/\/api.w.org\/{rel}","templated":true}]}}